{"id":12746,"date":"2021-06-24T17:42:51","date_gmt":"2021-06-24T20:42:51","guid":{"rendered":"https:\/\/mistersates-import.com.br\/loja\/?post_type=product&#038;p=12746"},"modified":"2024-03-15T18:27:14","modified_gmt":"2024-03-15T21:27:14","slug":"kit-10-pinca-metal-micro-retifica-dremel-10-medidas-05-a-32","status":"publish","type":"product","link":"https:\/\/mistersates-import.com.br\/loja\/product\/kit-10-pinca-metal-micro-retifica-dremel-10-medidas-05-a-32\/","title":{"rendered":"Kit 10 Pin\u00e7a Metal Micro Ret\u00edfica Dremel 10 Medidas 0,5 A 3,2"},"content":{"rendered":"<p>1. Durable e pr\u00e1tico<\/p>\n<p>2. Compat\u00edvel com a maioria das ferramentas rotativas usado em hardware, hobby, casa, etc<\/p>\n<p>3. Suitable para instala\u00e7\u00e3o dentro de di\u00e2metro inferior a 4.5mm broca, el\u00e9trica moagem, moinho de suspens\u00e3o, mangueira acima<\/p>\n<p>descri\u00e7\u00e3o:<\/p>\n<p>1. Color: Ouro<br \/>\n2. Material: Bronze<br \/>\n3. Overall Comprimento: 17mm\/0.66 &#8221;<br \/>\n4. Di\u00e2metro Da Haste: 4.3mm\/0.17 &#8221;<br \/>\n5. Fixa\u00e7\u00e3o de Di\u00e2metro:<br \/>\n0.5mm\/0.8mm\/1.0mm\/1.2mm\/1.5mm\/1.8mm\/2.0mm\/2.4mm\/3.0mm\/3.2mm<\/p>\n<p>quantidade: 10 Pcs<\/p>\n<p>nota. Devido \u00c0 diferen\u00e7a entre monitores diferentes, a imagem pode n\u00e3o refletir a cor real do item. obrigado!<br \/>\no pacote inclui:<br \/>\n10 x Broca Bits de Coletar Chuck<\/p>\n","protected":false},"excerpt":{"rendered":"<p>1. Durable e pr\u00e1tico<\/p>\n<p>2. Compat\u00edvel com a maioria das ferramentas rotativas usado em hardware, hobby, casa, etc<\/p>\n<p>3. Suitable para instala\u00e7\u00e3o dentro de di\u00e2metro inferior a 4.5mm broca, el\u00e9trica moagem, moinho de suspens\u00e3o, mangueira acima<\/p>\n<p>descri\u00e7\u00e3o:<\/p>\n<p>1. Color: Ouro<br \/>\n2. Material: Bronze<br \/>\n3. Overall Comprimento: 17mm\/0.66 &#8221;<br \/>\n4. Di\u00e2metro Da Haste: 4.3mm\/0.17 &#8221;<br \/>\n5. Fixa\u00e7\u00e3o de Di\u00e2metro:<br \/>\n0.5mm\/0.8mm\/1.0mm\/1.2mm\/1.5mm\/1.8mm\/2.0mm\/2.4mm\/3.0mm\/3.2mm<\/p>\n<p>quantidade: 10 Pcs<\/p>\n<p>nota: Devido \u00c0 diferen\u00e7a entre monitores diferentes, a imagem pode n\u00e3o refletir a cor real do item. obrigado!<br \/>\no pacote inclui:<br \/>\n10 x Broca Bits de Coletar Chuck<\/p>\n","protected":false},"featured_media":12748,"template":"","meta":{"_joinchat":[]},"_links":{"self":[{"href":"https:\/\/mistersates-import.com.br\/loja\/wp-json\/wp\/v2\/product\/12746"}],"collection":[{"href":"https:\/\/mistersates-import.com.br\/loja\/wp-json\/wp\/v2\/product"}],"about":[{"href":"https:\/\/mistersates-import.com.br\/loja\/wp-json\/wp\/v2\/types\/product"}],"wp:featuredmedia":[{"embeddable":true,"href":"https:\/\/mistersates-import.com.br\/loja\/wp-json\/wp\/v2\/media\/12748"}],"wp:attachment":[{"href":"https:\/\/mistersates-import.com.br\/loja\/wp-json\/wp\/v2\/media?parent=12746"}],"curies":[{"name":"wp","href":"https:\/\/api.w.org\/{rel}","templated":true}]}}