{"id":12753,"date":"2021-06-24T17:55:59","date_gmt":"2021-06-24T20:55:59","guid":{"rendered":"https:\/\/mistersates-import.com.br\/loja\/?post_type=product&#038;p=12753"},"modified":"2025-08-20T12:31:16","modified_gmt":"2025-08-20T15:31:16","slug":"kit-12-pecas-pinca-mandril-mini-retifica-dremel-bosh-makita","status":"publish","type":"product","link":"https:\/\/mistersates-import.com.br\/loja\/product\/kit-12-pecas-pinca-mandril-mini-retifica-dremel-bosh-makita\/","title":{"rendered":"Kit 12 Pe\u00e7as Pin\u00e7a Mandril Mini Ret\u00edfica Dremel Bosh Makita"},"content":{"rendered":"<p>Material: Bronze<br \/>\npeso do produto: 51g<br \/>\nClip tamanho da cabe\u00e7a: 2.8 MM<br \/>\nTamanho: 0.5 MM, 0.8 MM, 1.0 MM, 1.6 MM, 1.8 MM, 2.0 MM, 2.2 MM, 2.5 MM, 3.0 MM, 3.2 MM<br \/>\nuso: pe\u00e7as furadeira El\u00e9trica<\/p>\n<p>CONTE\u00daDO:<\/p>\n<p>1 X Clipe Cabe\u00e7a<br \/>\n10 X Pin\u00e7a<br \/>\n1 X Chave<\/p>\n","protected":false},"excerpt":{"rendered":"<p>Material: Bronze<br \/>\npeso do produto: 51g<br \/>\nClip tamanho da cabe\u00e7a: 2.8 MM<br \/>\nTamanho: 0.5 MM, 0.8 MM, 1.0 MM, 1.6 MM, 1.8 MM, 2.0 MM, 2.2 MM, 2.5 MM, 3.0 MM, 3.2 MM<br \/>\nuso: pe\u00e7as furadeira El\u00e9trica<\/p>\n<p>CONTE\u00daDO:<\/p>\n<p>1 X Clipe Cabe\u00e7a<br \/>\n10 X Pin\u00e7a<br \/>\n1 X Chave<\/p>\n","protected":false},"featured_media":12754,"template":"","meta":{"_joinchat":[]},"_links":{"self":[{"href":"https:\/\/mistersates-import.com.br\/loja\/wp-json\/wp\/v2\/product\/12753"}],"collection":[{"href":"https:\/\/mistersates-import.com.br\/loja\/wp-json\/wp\/v2\/product"}],"about":[{"href":"https:\/\/mistersates-import.com.br\/loja\/wp-json\/wp\/v2\/types\/product"}],"wp:featuredmedia":[{"embeddable":true,"href":"https:\/\/mistersates-import.com.br\/loja\/wp-json\/wp\/v2\/media\/12754"}],"wp:attachment":[{"href":"https:\/\/mistersates-import.com.br\/loja\/wp-json\/wp\/v2\/media?parent=12753"}],"curies":[{"name":"wp","href":"https:\/\/api.w.org\/{rel}","templated":true}]}}