{"id":12770,"date":"2021-06-24T18:14:32","date_gmt":"2021-06-24T21:14:32","guid":{"rendered":"https:\/\/mistersates-import.com.br\/loja\/?post_type=product&#038;p=12770"},"modified":"2023-03-03T17:13:50","modified_gmt":"2023-03-03T20:13:50","slug":"bateria-para-xiaomi-yi-1480-mah","status":"publish","type":"product","link":"https:\/\/mistersates-import.com.br\/loja\/product\/bateria-para-xiaomi-yi-1480-mah\/","title":{"rendered":"Bateria Para xiaomi yi 1480 mah"},"content":{"rendered":"<p>Bateria recarreg\u00e1vel de \u00f3tima qualidade, fabricada com as melhores c\u00e9lulas dispon\u00edveis no mercado, aumentando o tempo de vida \u00fatil. N\u00e3o apresenta Efeito Mem\u00f3ria, o que permite recarregar a bateria parcialmente esgotada sem comprometer a performance.<\/p>\n<p>Especifica\u00e7\u00f5es:<br \/>\nMedidas: 35.3 x 35.5 x 10.6 mm.<\/p>\n<p>Compatibilidade:<br \/>\nXiaomi Yi Lite 4K e Xiaomi Yi 2 4K<br \/>\nN\u00e3o \u00e9 compat\u00edvel com Xiaomi Mijia e Xiaomi Yi Discovery<\/p>\n<p>Itens Inclusos:<br \/>\n1 Bateria recarreg\u00e1vel<\/p>\n<p>Observa\u00e7\u00f5es:<br \/>\nN\u00e3o acompanha c\u00e2mera<br \/>\nImagens meramente ilustrativas<\/p>\n","protected":false},"excerpt":{"rendered":"<p>Bateria recarreg\u00e1vel de \u00f3tima qualidade, fabricada com as melhores c\u00e9lulas dispon\u00edveis no mercado, aumentando o tempo de vida \u00fatil. N\u00e3o apresenta Efeito Mem\u00f3ria, o que permite recarregar a bateria parcialmente esgotada sem comprometer a performance.<\/p>\n<p>Especifica\u00e7\u00f5es:<br \/>\nMedidas: 35.3 x 35.5 x 10.6 mm.<\/p>\n<p>Compatibilidade:<br \/>\nXiaomi Yi Lite 4K e Xiaomi Yi 2 4K<br \/>\nN\u00e3o \u00e9 compat\u00edvel com Xiaomi Mijia e Xiaomi Yi Discovery<\/p>\n<p>Itens Inclusos:<br \/>\n1 Bateria recarreg\u00e1vel<\/p>\n<p>Observa\u00e7\u00f5es:<br \/>\nN\u00e3o acompanha c\u00e2mera<br \/>\nImagens meramente ilustrativas<\/p>\n","protected":false},"featured_media":12771,"template":"","meta":{"_joinchat":[]},"_links":{"self":[{"href":"https:\/\/mistersates-import.com.br\/loja\/wp-json\/wp\/v2\/product\/12770"}],"collection":[{"href":"https:\/\/mistersates-import.com.br\/loja\/wp-json\/wp\/v2\/product"}],"about":[{"href":"https:\/\/mistersates-import.com.br\/loja\/wp-json\/wp\/v2\/types\/product"}],"wp:featuredmedia":[{"embeddable":true,"href":"https:\/\/mistersates-import.com.br\/loja\/wp-json\/wp\/v2\/media\/12771"}],"wp:attachment":[{"href":"https:\/\/mistersates-import.com.br\/loja\/wp-json\/wp\/v2\/media?parent=12770"}],"curies":[{"name":"wp","href":"https:\/\/api.w.org\/{rel}","templated":true}]}}