{"id":12785,"date":"2021-06-24T18:38:47","date_gmt":"2021-06-24T21:38:47","guid":{"rendered":"https:\/\/mistersates-import.com.br\/loja\/?post_type=product&#038;p=12785"},"modified":"2025-09-01T11:29:38","modified_gmt":"2025-09-01T14:29:38","slug":"6-un-brocas-macho-fura-faz-rosca-m3-m4-m5-m6-m8-m10","status":"publish","type":"product","link":"https:\/\/mistersates-import.com.br\/loja\/product\/6-un-brocas-macho-fura-faz-rosca-m3-m4-m5-m6-m8-m10\/","title":{"rendered":"6 UN Brocas Macho Fura Faz Rosca M3, M4, M5, M6, M8, M10"},"content":{"rendered":"<p>KIT COM 06 BROCAS ROSCA MACHO: M3, M4, M5, M6, M8 e M10.<\/p>\n<p>Jogo de machos broca de a\u00e7o r\u00e1pido (fura e faz rosca)<br \/>\nPara uso em metais: a\u00e7o, alum\u00ednio, etc<br \/>\nModelo helicoidal<\/p>\n<p>Conjunto de broca HSS para madeira, pl\u00e1stico, alum\u00ednio metal e acr\u00edlico.<\/p>\n<p>Ideal para repara\u00e7\u00e3o autom\u00f3vel e m\u00e1quinas onde os fios m\u00e9tricos s\u00e3o especificados.<\/p>\n<p>Para aumentar a efici\u00eancia da opera\u00e7\u00e3o permitindo que fura\u00e7\u00e3o e rosqueamento possam ser realizados em uma \u00fanica passagem. Estas brocas HSS s\u00e3o \u00f3timas ferramentas usadas para criar roscas de parafusos, para cortar ou formar a parte f\u00eamea do par de acoplamento. S\u00e3o usados tal como um torno mec\u00e2nico. Mais r\u00e1pido, e geralmente mais preciso porque o erro humano \u00e9 eliminado.<\/p>\n<p>Caracter\u00edstica:<br \/>\nConjunto de broca Hss para madeira, pl\u00e1stico e alum\u00ednio.<br \/>\nMaterial Multi Corte. Garantem uma transmiss\u00e3o e brilho de luz superiores<br \/>\nIdeal para repara\u00e7\u00e3o autom\u00f3vel e m\u00e1quinas onde os fios m\u00e9tricos s\u00e3o especificados. Adequado para metal duro, a\u00e7o, ferro etc.<br \/>\nAmplamente Usada em Repara\u00e7\u00e3o de Autom\u00f3veis e m\u00e1quinas onde roscas m\u00e9tricas s\u00e3o especificadas.<\/p>\n<p>Especifica\u00e7\u00e3o:<br \/>\nMaterial: a\u00e7o de alta velocidade (HSS)<br \/>\nHASTE: 1\/4 &#8220;(6.35mm) haste hexa Di\u00e2metro.<\/p>\n<p>Tamanho e Quantidade:<br \/>\n1 pe\u00e7a M3 x 0,5 (6-32NC) Comprimento total: 55 mm; Comprimento espiral: 24 mm; Di\u00e2metro da broca: 2,5 mm<br \/>\n1 pe\u00e7a M4 x 0,7 (8-32NC) Comprimento total: 54 mm; Comprimento espiral: 24 mm; Di\u00e2metro da broca: 3.3 mm<br \/>\n1 pe\u00e7a M5 x 0,8 (10-32NC) Comprimento total: 58 mm; Comprimento espiral: 28 mm; Di\u00e2metro da broca: 4.2 mm<br \/>\n1 pe\u00e7a M6 x 1.0 (10-24NC) Comprimento total: 58 mm; Comprimento espiral: 28 mm; Di\u00e2metro da broca: 5,0 mm<br \/>\n1 pe\u00e7a M8 x 1.25 (12-24NC) Comprimento total: 59 mm; Comprimento espiral: 18 mm; Di\u00e2metro da broca: 6.8 mm<br \/>\n1 pe\u00e7a M10 x 1,5 (1 \/ 4-20NC) Comprimento total: 59 mm; Comprimento espiral: 20 mm; Di\u00e2metro da broca: 8.5 mm<\/p>\n<p>Para sua Seguran\u00e7a: Utilize sempre \u00f3culos e luvas de prote\u00e7\u00e3o. Cuide-se!<\/p>\n","protected":false},"excerpt":{"rendered":"<p>KIT COM 06 BROCAS ROSCA MACHO: M3, M4, M5, M6, M8 e M10.<\/p>\n<p>Jogo de machos broca de a\u00e7o r\u00e1pido (fura e faz rosca)<br \/>\nPara uso em metais: a\u00e7o, alum\u00ednio, etc<br \/>\nModelo helicoidal<\/p>\n<p>Conjunto de broca HSS para madeira, pl\u00e1stico, alum\u00ednio metal e acr\u00edlico.<\/p>\n<p>Ideal para repara\u00e7\u00e3o autom\u00f3vel e m\u00e1quinas onde os fios m\u00e9tricos s\u00e3o especificados.<\/p>\n","protected":false},"featured_media":15629,"template":"","meta":{"_joinchat":[]},"_links":{"self":[{"href":"https:\/\/mistersates-import.com.br\/loja\/wp-json\/wp\/v2\/product\/12785"}],"collection":[{"href":"https:\/\/mistersates-import.com.br\/loja\/wp-json\/wp\/v2\/product"}],"about":[{"href":"https:\/\/mistersates-import.com.br\/loja\/wp-json\/wp\/v2\/types\/product"}],"wp:featuredmedia":[{"embeddable":true,"href":"https:\/\/mistersates-import.com.br\/loja\/wp-json\/wp\/v2\/media\/15629"}],"wp:attachment":[{"href":"https:\/\/mistersates-import.com.br\/loja\/wp-json\/wp\/v2\/media?parent=12785"}],"curies":[{"name":"wp","href":"https:\/\/api.w.org\/{rel}","templated":true}]}}