{"id":12791,"date":"2021-06-24T18:45:42","date_gmt":"2021-06-24T21:45:42","guid":{"rendered":"https:\/\/mistersates-import.com.br\/loja\/?post_type=product&#038;p=12791"},"modified":"2024-03-15T18:27:55","modified_gmt":"2024-03-15T21:27:55","slug":"mini-controlador-com-controle-para-fita-ou-barra-de-led-rgb","status":"publish","type":"product","link":"https:\/\/mistersates-import.com.br\/loja\/product\/mini-controlador-com-controle-para-fita-ou-barra-de-led-rgb\/","title":{"rendered":"Mini Controlador Com Controle Para Fita Ou Barra De Led Rgb"},"content":{"rendered":"<p>INFORMA\u00c7\u00d5ES T\u00c9CNICAS<\/p>\n<p>&#8211; Para Fita de LED 3528 e 5050<br \/>\n&#8211; Possui 24 teclas<br \/>\n&#8211; Possui 16 cores diferentes<br \/>\n&#8211; Controle Remoto infravermelho<br \/>\n&#8211; Voltagem: 12V<br \/>\n&#8211; Op\u00e7\u00f5es de cores est\u00e1ticas e din\u00e2micas<br \/>\n&#8211; Ajuste de brilho<\/p>\n<p>ITENS INCLUSOS<\/p>\n<p>&#8211; 1 Controladora<br \/>\n&#8211; 1 Controle<br \/>\n&#8211; N\u00c3O ACOMPANHA BATERIA CR2032<\/p>\n","protected":false},"excerpt":{"rendered":"<p>INFORMA\u00c7\u00d5ES T\u00c9CNICAS<\/p>\n<p>&#8211; Para Fita de LED 3528 e 5050<br \/>\n&#8211; Possui 24 teclas<br \/>\n&#8211; Possui 16 cores diferentes<br \/>\n&#8211; Controle Remoto infravermelho<br \/>\n&#8211; Voltagem: 12V<br \/>\n&#8211; Op\u00e7\u00f5es de cores est\u00e1ticas e din\u00e2micas<br \/>\n&#8211; Ajuste de brilho<\/p>\n<p>ITENS INCLUSOS<\/p>\n<p>&#8211; 1 Controladora<br \/>\n&#8211; 1 Controle<br \/>\n&#8211; N\u00c3O ACOMPANHA BATERIA CR2032<\/p>\n","protected":false},"featured_media":12792,"template":"","meta":{"_joinchat":[]},"_links":{"self":[{"href":"https:\/\/mistersates-import.com.br\/loja\/wp-json\/wp\/v2\/product\/12791"}],"collection":[{"href":"https:\/\/mistersates-import.com.br\/loja\/wp-json\/wp\/v2\/product"}],"about":[{"href":"https:\/\/mistersates-import.com.br\/loja\/wp-json\/wp\/v2\/types\/product"}],"wp:featuredmedia":[{"embeddable":true,"href":"https:\/\/mistersates-import.com.br\/loja\/wp-json\/wp\/v2\/media\/12792"}],"wp:attachment":[{"href":"https:\/\/mistersates-import.com.br\/loja\/wp-json\/wp\/v2\/media?parent=12791"}],"curies":[{"name":"wp","href":"https:\/\/api.w.org\/{rel}","templated":true}]}}