{"id":12795,"date":"2021-06-24T18:54:59","date_gmt":"2021-06-24T21:54:59","guid":{"rendered":"https:\/\/mistersates-import.com.br\/loja\/?post_type=product&#038;p=12795"},"modified":"2024-03-15T18:24:54","modified_gmt":"2024-03-15T21:24:54","slug":"botao-analogico-direcional-controle-xbox-360-preto-valor-da-unidade","status":"publish","type":"product","link":"https:\/\/mistersates-import.com.br\/loja\/product\/botao-analogico-direcional-controle-xbox-360-preto-valor-da-unidade\/","title":{"rendered":"Bot\u00e3o Anal\u00f3gico Direcional Controle Xbox 360 Preto valor da unidade"},"content":{"rendered":"<p>QUALIDADE PREMIUM *<\/p>\n<p>Especialmente desenvolvido para o XBox 360<br \/>\nBot\u00e3o anal\u00f3gico de reposi\u00e7\u00e3o para controle do Xbox 360.<br \/>\nSe o seu direcional est\u00e1 quebrado. Aqui est\u00e1 a solu\u00e7\u00e3o! N\u00e3o comprem um controle novo!<\/p>\n<p>O pacote inclui:<\/p>\n<p>1 un de bot\u00f5es anal\u00f3gico para Xbox 360<br \/>\nCor: Preto<\/p>\n","protected":false},"excerpt":{"rendered":"<p>QUALIDADE PREMIUM *<\/p>\n<p>Especialmente desenvolvido para o XBox 360<br \/>\nBot\u00e3o anal\u00f3gico de reposi\u00e7\u00e3o para controle do Xbox 360.<br \/>\nSe o seu direcional est\u00e1 quebrado. Aqui est\u00e1 a solu\u00e7\u00e3o! N\u00e3o comprem um controle novo!<\/p>\n<p>O pacote inclui:<\/p>\n<p>1 un de bot\u00f5es anal\u00f3gico para Xbox 360<br \/>\nCor: Preto<\/p>\n","protected":false},"featured_media":15879,"template":"","meta":{"_joinchat":[]},"_links":{"self":[{"href":"https:\/\/mistersates-import.com.br\/loja\/wp-json\/wp\/v2\/product\/12795"}],"collection":[{"href":"https:\/\/mistersates-import.com.br\/loja\/wp-json\/wp\/v2\/product"}],"about":[{"href":"https:\/\/mistersates-import.com.br\/loja\/wp-json\/wp\/v2\/types\/product"}],"wp:featuredmedia":[{"embeddable":true,"href":"https:\/\/mistersates-import.com.br\/loja\/wp-json\/wp\/v2\/media\/15879"}],"wp:attachment":[{"href":"https:\/\/mistersates-import.com.br\/loja\/wp-json\/wp\/v2\/media?parent=12795"}],"curies":[{"name":"wp","href":"https:\/\/api.w.org\/{rel}","templated":true}]}}