{"id":12805,"date":"2021-06-24T19:36:21","date_gmt":"2021-06-24T22:36:21","guid":{"rendered":"https:\/\/mistersates-import.com.br\/loja\/?post_type=product&#038;p=12805"},"modified":"2024-03-15T18:27:23","modified_gmt":"2024-03-15T21:27:23","slug":"lampada-de-3-led-tubular-39mm","status":"publish","type":"product","link":"https:\/\/mistersates-import.com.br\/loja\/product\/lampada-de-3-led-tubular-39mm\/","title":{"rendered":"Lampada de 3 led tubular 39mm"},"content":{"rendered":"<p>L\u00e2mpada LED Torpedo 39mm Cabus 3SMD5050 3 LEDs Branco Luz de Placa e Teto 12V<\/p>\n<p>Modelo Dispon\u00edvel:<br \/>\nTorpedo 39mm<\/p>\n<p>Especifica\u00e7\u00e3o T\u00e9cnica:<\/p>\n<p>L\u00e2mpadas com LEDs<br \/>\nQuantidade de LEDs: 3 Pontos (Por L\u00e2mpada)<br \/>\nCarca\u00e7a em Metal<br \/>\nBase de Encaixe: Torpedo 36mm<br \/>\nLuz Branca<br \/>\nTens\u00e3o de Opera\u00e7\u00e3o: 12V<br \/>\nPot\u00eancia: 1,5W<br \/>\nQualidade Superior e Longa Vida \u00datil<br \/>\nMenos Consumo em Compara\u00e7\u00e3o com L\u00e2mpadas Convencionais<br \/>\nPara Aplica\u00e7\u00e3o na Luz de Teto e Luz de Placa<br \/>\nTecnologia Cabus: N\u00e3o Acusa L\u00e2mpada Queimada no Painel<br \/>\nDimens\u00f5es Aproximadas (CxL): 3,9&#215;1,1cm<\/p>\n","protected":false},"excerpt":{"rendered":"<p>L\u00e2mpada LED Torpedo 39mm Cabus 3SMD5050 3 LEDs Branco Luz de Placa e Teto 12V<\/p>\n<p>Modelo Dispon\u00edvel:<br \/>\nTorpedo 39mm<\/p>\n","protected":false},"featured_media":12806,"template":"","meta":{"_joinchat":[]},"_links":{"self":[{"href":"https:\/\/mistersates-import.com.br\/loja\/wp-json\/wp\/v2\/product\/12805"}],"collection":[{"href":"https:\/\/mistersates-import.com.br\/loja\/wp-json\/wp\/v2\/product"}],"about":[{"href":"https:\/\/mistersates-import.com.br\/loja\/wp-json\/wp\/v2\/types\/product"}],"wp:featuredmedia":[{"embeddable":true,"href":"https:\/\/mistersates-import.com.br\/loja\/wp-json\/wp\/v2\/media\/12806"}],"wp:attachment":[{"href":"https:\/\/mistersates-import.com.br\/loja\/wp-json\/wp\/v2\/media?parent=12805"}],"curies":[{"name":"wp","href":"https:\/\/api.w.org\/{rel}","templated":true}]}}