{"id":12829,"date":"2021-06-24T20:27:37","date_gmt":"2021-06-24T23:27:37","guid":{"rendered":"https:\/\/mistersates-import.com.br\/loja\/?post_type=product&#038;p=12829"},"modified":"2024-12-30T19:12:52","modified_gmt":"2024-12-30T22:12:52","slug":"baterias-sony-cr2032-3v-relogio-pc-camera-digital-5-unidades","status":"publish","type":"product","link":"https:\/\/mistersates-import.com.br\/loja\/product\/baterias-sony-cr2032-3v-relogio-pc-camera-digital-5-unidades\/","title":{"rendered":"Baterias Sony Cr2032 3v Rel\u00f3gio Pc Camera Digital 01 unidade"},"content":{"rendered":"<p><strong>TRABALHAMOS COM DIVERSAS MARCAS. SER\u00c1 ENVIADO A QUE ESTIVER DISPON\u00cdVEL EM NOSSO ESTOQUE. (TODAS DE \u00d3TIMA QUALIDADES)<\/strong><\/p>\n<p>01 Bateria CR2032 Sony Para Rel\u00f3gios e outros eletr\u00f4nicos<br \/>\nMarca: DIVERSAS<br \/>\nModelo: CR2032<br \/>\nQuantidade: 05 Baterias<\/p>\n<p>&#8211; Dentre as principais aplica\u00e7\u00f5es podemos destacar o Rel\u00f3gio de Tempo Real para Arduino, diversos modelos de controles remotos, computadores, c\u00e2meras digitais, rel\u00f3gios, enfim a sua necessidade e que vai dar a aplica\u00e7\u00e3o final a Bateria CR2032.<\/p>\n<p>CARACTER\u00cdSTICAS:<\/p>\n<p>&#8211; Bateria CR2032;<br \/>\n&#8211; Bateria Bot\u00e3o CR2032;<br \/>\n&#8211; Pilha Moeda CR2032;<br \/>\n&#8211; Lithium de alta durabilidade;<br \/>\n&#8211; Ideal para m\u00f3dulos rel\u00f3gio tempo real;<br \/>\n&#8211; Utiliza\u00e7\u00e3o geral.<\/p>\n<p>ESPECIFICA\u00c7\u00d5ES:<\/p>\n<p>&#8211; Marca: DIVERSAS CONFORME DISPONIBILIDADE EM NOSSO ESTOQUE.<br \/>\n&#8211; Modelo: CR2032;<br \/>\n&#8211; Tens\u00e3o: 3V;<br \/>\n&#8211; Di\u00e2metro: ~20mm;<br \/>\n&#8211; Peso com embalagem: 4g.<\/p>\n","protected":false},"excerpt":{"rendered":"<p><strong>TRABALHAMOS COM DIVERSAS MARCAS. SER\u00c1 ENVIADO A QUE ESTIVER DISPON\u00cdVEL EM NOSSO ESTOQUE. (TODAS DE \u00d3TIMA QUALIDADES)<\/strong><\/p>\n<p>CARACTER\u00cdSTICAS:<\/p>\n<p>&#8211; Bateria CR2032;<br \/>\n&#8211; Bateria Bot\u00e3o CR2032;<br \/>\n&#8211; Pilha Moeda CR2032;<br \/>\n&#8211; Lithium de alta durabilidade;<br \/>\n&#8211; Ideal para m\u00f3dulos rel\u00f3gio tempo real;<br \/>\n&#8211; Utiliza\u00e7\u00e3o geral.<\/p>\n","protected":false},"featured_media":12834,"template":"","meta":{"_joinchat":[]},"_links":{"self":[{"href":"https:\/\/mistersates-import.com.br\/loja\/wp-json\/wp\/v2\/product\/12829"}],"collection":[{"href":"https:\/\/mistersates-import.com.br\/loja\/wp-json\/wp\/v2\/product"}],"about":[{"href":"https:\/\/mistersates-import.com.br\/loja\/wp-json\/wp\/v2\/types\/product"}],"wp:featuredmedia":[{"embeddable":true,"href":"https:\/\/mistersates-import.com.br\/loja\/wp-json\/wp\/v2\/media\/12834"}],"wp:attachment":[{"href":"https:\/\/mistersates-import.com.br\/loja\/wp-json\/wp\/v2\/media?parent=12829"}],"curies":[{"name":"wp","href":"https:\/\/api.w.org\/{rel}","templated":true}]}}