{"id":12850,"date":"2021-06-24T21:00:34","date_gmt":"2021-06-25T00:00:34","guid":{"rendered":"https:\/\/mistersates-import.com.br\/loja\/?post_type=product&#038;p=12850"},"modified":"2025-11-14T09:01:11","modified_gmt":"2025-11-14T12:01:11","slug":"carregador-duplo-bateria-camera-hero-5","status":"publish","type":"product","link":"https:\/\/mistersates-import.com.br\/loja\/product\/carregador-duplo-bateria-camera-hero-5\/","title":{"rendered":"Carregador Duplo Bateria C\u00e2mera Hero 5 6 7 Gopro"},"content":{"rendered":"<p>Este carregador de bateria foi desenvolvido para voc\u00ea, que adora registrar seus melhores e mais fascinantes momentos e n\u00e3o pode nem pensar em ficar com a bateria descarregada. Pr\u00e1tico, ele pode facilmente ser levado a qualquer lugar, podendo carregar inteiramente at\u00e9, duas baterias ao mesmo tempo, com controle autom\u00e1tico da carga, impedindo sobrecarga ou curto-circuito.<\/p>\n<p>COMPAT\u00cdVEL:<br \/>\nGopro Hero Black<br \/>\nGopro Hero 5 Black<br \/>\nGopro Hero 6 Black<br \/>\nGopro Hero 7 Black<\/p>\n<p>ITENS INCLUSOS:<\/p>\n<p>1 x Carregador Duplo para Bateria (GCD51)<br \/>\n1 x Cabo USB<\/p>\n","protected":false},"excerpt":{"rendered":"<p>Este carregador de bateria foi desenvolvido para voc\u00ea, que adora registrar seus melhores e mais fascinantes momentos e n\u00e3o pode nem pensar em ficar com a bateria descarregada. Pr\u00e1tico, ele pode facilmente ser levado a qualquer lugar, podendo carregar inteiramente at\u00e9, duas baterias ao mesmo tempo, com controle autom\u00e1tico da carga, impedindo sobrecarga ou curto-circuito.<\/p>\n<p>COMPAT\u00cdVEL:<br \/>\nGopro Hero Black<br \/>\nGopro Hero 5 Black<br \/>\nGopro Hero 6 Black<br \/>\nGopro Hero 7 Black<\/p>\n","protected":false},"featured_media":12851,"template":"","meta":{"_joinchat":[]},"_links":{"self":[{"href":"https:\/\/mistersates-import.com.br\/loja\/wp-json\/wp\/v2\/product\/12850"}],"collection":[{"href":"https:\/\/mistersates-import.com.br\/loja\/wp-json\/wp\/v2\/product"}],"about":[{"href":"https:\/\/mistersates-import.com.br\/loja\/wp-json\/wp\/v2\/types\/product"}],"wp:featuredmedia":[{"embeddable":true,"href":"https:\/\/mistersates-import.com.br\/loja\/wp-json\/wp\/v2\/media\/12851"}],"wp:attachment":[{"href":"https:\/\/mistersates-import.com.br\/loja\/wp-json\/wp\/v2\/media?parent=12850"}],"curies":[{"name":"wp","href":"https:\/\/api.w.org\/{rel}","templated":true}]}}