{"id":12879,"date":"2021-06-25T10:56:58","date_gmt":"2021-06-25T13:56:58","guid":{"rendered":"https:\/\/mistersates-import.com.br\/loja\/?post_type=product&#038;p=12879"},"modified":"2025-10-31T18:39:30","modified_gmt":"2025-10-31T21:39:30","slug":"kit-chaves-com-8-pecas-para-celures","status":"publish","type":"product","link":"https:\/\/mistersates-import.com.br\/loja\/product\/kit-chaves-com-8-pecas-para-celures\/","title":{"rendered":"kit chaves com 8 pe\u00e7as para celulares"},"content":{"rendered":"<p>Especifica\u00e7\u00f5es:<\/p>\n<p>100% novo e de alta qualidade!<\/p>\n<p>Pr\u00e1tico e universal<\/p>\n<p>Ferramenta de reparo de design para iPhone e Android<\/p>\n<p>Forma compacta e delicada, f\u00e1cil de transportar<\/p>\n<p>Permite que voc\u00ea abra a tampa do telefone m\u00f3vel facilmente e sem danificar a tampa do telefone<\/p>\n<p>\u00d3timo para casa, loja de telefones<\/p>\n<p>&nbsp;<\/p>\n<p>Inclu\u00eddo no Pacote:<\/p>\n<p>3 * chave de fenda<\/p>\n<p>2 * p\u00e9-de-cabra<\/p>\n<p>2 * tri\u00e2ngulo<\/p>\n<p>1 * ventosa<\/p>\n","protected":false},"excerpt":{"rendered":"<p>Especifica\u00e7\u00f5es:<\/p>\n<p>100% novo e de alta qualidade!<\/p>\n<p>Pr\u00e1tico e universal<\/p>\n<p>Ferramenta de reparo de design para iPhone e Android<\/p>\n<p>Forma compacta e delicada, f\u00e1cil de transportar<\/p>\n<p>Permite que voc\u00ea abra a tampa do telefone m\u00f3vel facilmente e sem danificar a tampa do telefone<\/p>\n<p>\u00d3timo para casa, loja de telefones<\/p>\n","protected":false},"featured_media":12880,"template":"","meta":{"_joinchat":[]},"_links":{"self":[{"href":"https:\/\/mistersates-import.com.br\/loja\/wp-json\/wp\/v2\/product\/12879"}],"collection":[{"href":"https:\/\/mistersates-import.com.br\/loja\/wp-json\/wp\/v2\/product"}],"about":[{"href":"https:\/\/mistersates-import.com.br\/loja\/wp-json\/wp\/v2\/types\/product"}],"wp:featuredmedia":[{"embeddable":true,"href":"https:\/\/mistersates-import.com.br\/loja\/wp-json\/wp\/v2\/media\/12880"}],"wp:attachment":[{"href":"https:\/\/mistersates-import.com.br\/loja\/wp-json\/wp\/v2\/media?parent=12879"}],"curies":[{"name":"wp","href":"https:\/\/api.w.org\/{rel}","templated":true}]}}