{"id":12885,"date":"2021-06-25T11:18:45","date_gmt":"2021-06-25T14:18:45","guid":{"rendered":"https:\/\/mistersates-import.com.br\/loja\/?post_type=product&#038;p=12885"},"modified":"2026-03-13T23:26:12","modified_gmt":"2026-03-14T02:26:12","slug":"botao-analogico-controle-playstation-4-ps4","status":"publish","type":"product","link":"https:\/\/mistersates-import.com.br\/loja\/product\/botao-analogico-controle-playstation-4-ps4\/","title":{"rendered":"Bot\u00e3o Anal\u00f3gico Controle Playstation 4 Ps4"},"content":{"rendered":"<p>1 (uma) UN Bot\u00f5es Anal\u00f3gicos Controle Playstation 4 Ps4<\/p>\n<p>Caracter\u00edsticas:<\/p>\n<p>Joystick 3D de substitui\u00e7\u00e3o para o controlador ps4<\/p>\n<p>Ideal para substituir o velho ou quebrado do seu controlador ps4<\/p>\n<p>Permite a voc\u00ea desfrutar do ps4 com o controlador sem fio como novo outra vez.<\/p>\n","protected":false},"excerpt":{"rendered":"<p>1 UN Bot\u00f5es Anal\u00f3gicos Controle Playstation 4 Ps4<\/p>\n<p>Caracter\u00edsticas:<\/p>\n<p>Joystick 3D de substitui\u00e7\u00e3o para o controlador ps4<\/p>\n<p>Ideal para substituir o velho ou quebrado do seu controlador ps4<\/p>\n<p>Permite a voc\u00ea desfrutar do ps4 com o controlador sem fio como novo outra vez.<\/p>\n","protected":false},"featured_media":15875,"template":"","meta":{"_joinchat":[]},"_links":{"self":[{"href":"https:\/\/mistersates-import.com.br\/loja\/wp-json\/wp\/v2\/product\/12885"}],"collection":[{"href":"https:\/\/mistersates-import.com.br\/loja\/wp-json\/wp\/v2\/product"}],"about":[{"href":"https:\/\/mistersates-import.com.br\/loja\/wp-json\/wp\/v2\/types\/product"}],"wp:featuredmedia":[{"embeddable":true,"href":"https:\/\/mistersates-import.com.br\/loja\/wp-json\/wp\/v2\/media\/15875"}],"wp:attachment":[{"href":"https:\/\/mistersates-import.com.br\/loja\/wp-json\/wp\/v2\/media?parent=12885"}],"curies":[{"name":"wp","href":"https:\/\/api.w.org\/{rel}","templated":true}]}}