{"id":12902,"date":"2021-06-25T18:11:05","date_gmt":"2021-06-25T21:11:05","guid":{"rendered":"https:\/\/mistersates-import.com.br\/loja\/?post_type=product&#038;p=12902"},"modified":"2025-10-25T15:19:37","modified_gmt":"2025-10-25T18:19:37","slug":"protetor-de-analogico-borracha-grips-ps4-xbox-one-2-unidades-preta","status":"publish","type":"product","link":"https:\/\/mistersates-import.com.br\/loja\/product\/protetor-de-analogico-borracha-grips-ps4-xbox-one-2-unidades-preta\/","title":{"rendered":"Protetor De Anal\u00f3gico Borracha Grips Ps4 Xbox one 2 Unidades PRETA"},"content":{"rendered":"<p>Protetor de anal\u00f3gico PS4 \/ XBOX ONE \/ XBOX 360<\/p>\n<p>Material fabricado em silicone 40% mais resistente que protetores comuns.<\/p>\n<p>N\u00e3o escorrega dos dedos e melhorando a jogabilidade.<\/p>\n<p>Descri\u00e7\u00e3o:<\/p>\n<p>caracter\u00edsticas:<\/p>\n<p>Nova marca e de alta qualidade.<br \/>\nProjeto liso e lav\u00e1vel assegura conforto e limpeza.<br \/>\nProteger voc\u00ea joystick de poeira e arranh\u00f5es.<br \/>\nN\u00e3o-superf\u00edcie antiderrapante \u00e9 grande para proporcionar uma melhor ader\u00eancia para desempenho em jogos.<\/p>\n<p>O pacote Inclui:<\/p>\n<p>2 pcs x Borracha De Silicone Tampas<\/p>\n","protected":false},"excerpt":{"rendered":"<p>Protetor de anal\u00f3gico PS4 \/ XBOX ONE \/ XBOX 360<\/p>\n<p>Material fabricado em silicone 40% mais resistente que protetores comuns.<\/p>\n<p>N\u00e3o escorrega dos dedos e melhorando a jogabilidade.<\/p>\n","protected":false},"featured_media":12903,"template":"","meta":{"_joinchat":[]},"_links":{"self":[{"href":"https:\/\/mistersates-import.com.br\/loja\/wp-json\/wp\/v2\/product\/12902"}],"collection":[{"href":"https:\/\/mistersates-import.com.br\/loja\/wp-json\/wp\/v2\/product"}],"about":[{"href":"https:\/\/mistersates-import.com.br\/loja\/wp-json\/wp\/v2\/types\/product"}],"wp:featuredmedia":[{"embeddable":true,"href":"https:\/\/mistersates-import.com.br\/loja\/wp-json\/wp\/v2\/media\/12903"}],"wp:attachment":[{"href":"https:\/\/mistersates-import.com.br\/loja\/wp-json\/wp\/v2\/media?parent=12902"}],"curies":[{"name":"wp","href":"https:\/\/api.w.org\/{rel}","templated":true}]}}