{"id":12911,"date":"2021-06-25T18:49:32","date_gmt":"2021-06-25T21:49:32","guid":{"rendered":"https:\/\/mistersates-import.com.br\/loja\/?post_type=product&#038;p=12911"},"modified":"2026-02-14T13:00:39","modified_gmt":"2026-02-14T16:00:39","slug":"caixa-estanque-gopro-case-hero-5-prova-dagua-45-mts","status":"publish","type":"product","link":"https:\/\/mistersates-import.com.br\/loja\/product\/caixa-estanque-gopro-case-hero-5-prova-dagua-45-mts\/","title":{"rendered":"Caixa Estanque GoPro Case Hero 5 Prova D&#8217;\u00e1gua 45 mts"},"content":{"rendered":"<p>O que voc\u00ea est\u00e1 vendo \u00e9 uma caixa de estanque \u00c0 Prova D&#8217; \u00c1gua especialmente concebido para Gopro Hero 5 6 7, como sabemos, o original Gopro Hero 5 apenas suportar 10 m \u00e0 prova d&#8217;\u00e1gua, para um entusiasta do mergulho, este \u00e9 um grande problema; por isso desenvolvemos a caixa de estanque atualizado para suportar 45 m waterfproof.aplicada alta material transparente que voc\u00ea pode capturar imagens v\u00edvidas de forma clara. Voc\u00ea vai am\u00e1-lo por causa de seu bom desempenho. Grande acess\u00f3rio c\u00e2mera para voc\u00ea. Espero que voc\u00ea aproveite suas fotografando.<\/p>\n<p>Caracter\u00edsticas:<\/p>\n<p>1. Made de material acr\u00edlico de alta transmit\u00e2ncia, dur\u00e1vel, leve e port\u00e1til.<br \/>\n2. High material transparente pode manter uma boa fotografia.<br \/>\n3. With esta caixa de estanque \u00e0 prova d&#8217;\u00e1gua voc\u00ea pode perfeitamente usar a c\u00e2mera debaixo d&#8217;\u00e1gua cerca de 45 m.<br \/>\n4. Ideal para o mergulho, surf, snorkeling, esqui, iate ou outras atividades.<br \/>\n5. Apenas para Gopro Hero 5 6 7, n\u00e3o \u00e9 compat\u00edvel com o que as outras vers\u00f5es.<br \/>\n6.fun\u00e7\u00e3o de atualiza\u00e7\u00e3o: a C\u00e2mera pode ser diretamente colocado em caixa \u00e0 prova d&#8217;\u00e1gua, n\u00e3o precisa tirar a lente da c\u00e2mera mais.<\/p>\n<p>Especifica\u00e7\u00f5es:<\/p>\n<p>Material: Acr\u00edlico Transparente de Alta<br \/>\ncor: Preto + Transparente<br \/>\npeso: aproximadamente 137g (com embalagem)<br \/>\n\u00e0 prova d&#8217;\u00e1gua: aprox. 45 m\/147 p\u00e9s<br \/>\nComprimento Total: aprox. 8.3 cm\/3.26 &#8221;<br \/>\nlargura: aprox. 7.7 cm\/3.03 &#8221;<br \/>\nespessura: aprox. 4. cm\/1.57 &#8221;<br \/>\ncompat\u00edvel com: Para Gopro Hero 5 6 7<br \/>\npacote Inclui:<br \/>\n1 x caso \u00e0 prova d&#8217;\u00e1gua<br \/>\n1 x parafuso padr\u00e3o<br \/>\n1 x avi\u00e3o parafuso<br \/>\n1 x base de montagem<\/p>\n","protected":false},"excerpt":{"rendered":"<p>O que voc\u00ea est\u00e1 vendo \u00e9 uma caixa de estanque \u00c0 Prova D&#8217; \u00c1gua especialmente concebido para Gopro Hero 5 6 7, como sabemos, o original Gopro Hero 5 apenas suportar 10 m \u00e0 prova d&#8217;\u00e1gua, para um entusiasta do mergulho, este \u00e9 um grande problema; por isso desenvolvemos a caixa de estanque atualizado para suportar 45 m waterfproof.aplicada alta material transparente que voc\u00ea pode capturar imagens v\u00edvidas de forma clara. Voc\u00ea vai am\u00e1-lo por causa de seu bom desempenho. Grande acess\u00f3rio c\u00e2mera para voc\u00ea. Espero que voc\u00ea aproveite suas fotografando.<\/p>\n","protected":false},"featured_media":16004,"template":"","meta":{"_joinchat":[]},"_links":{"self":[{"href":"https:\/\/mistersates-import.com.br\/loja\/wp-json\/wp\/v2\/product\/12911"}],"collection":[{"href":"https:\/\/mistersates-import.com.br\/loja\/wp-json\/wp\/v2\/product"}],"about":[{"href":"https:\/\/mistersates-import.com.br\/loja\/wp-json\/wp\/v2\/types\/product"}],"wp:featuredmedia":[{"embeddable":true,"href":"https:\/\/mistersates-import.com.br\/loja\/wp-json\/wp\/v2\/media\/16004"}],"wp:attachment":[{"href":"https:\/\/mistersates-import.com.br\/loja\/wp-json\/wp\/v2\/media?parent=12911"}],"curies":[{"name":"wp","href":"https:\/\/api.w.org\/{rel}","templated":true}]}}