{"id":12921,"date":"2021-06-25T19:30:36","date_gmt":"2021-06-25T22:30:36","guid":{"rendered":"https:\/\/mistersates-import.com.br\/loja\/?post_type=product&#038;p=12921"},"modified":"2024-03-15T18:19:05","modified_gmt":"2024-03-15T21:19:05","slug":"10-laminas-18-x-05mm-extra-estilete","status":"publish","type":"product","link":"https:\/\/mistersates-import.com.br\/loja\/product\/10-laminas-18-x-05mm-extra-estilete\/","title":{"rendered":"10 L\u00e2minas 18 x 0,5mm Extra estilete"},"content":{"rendered":"<p>L\u00e2mina em a\u00e7o carbono de excelente qualidade com tratamento antiferrugem<br \/>\nApresenta pontas antiferrugem<br \/>\nApresenta pontas renov\u00e1veis<br \/>\nTubos em 10 l\u00e2minas<br \/>\nCortes precisos<\/p>\n<p>Indicada para estiletes largos<br \/>\nDimens\u00f5es da l\u00e2mina: 140 x 25 mm<\/p>\n<p>1 TUBOS COM 10 UNIDADES CADA (10 L\u00c2MINAS NO TOTAL)<\/p>\n","protected":false},"excerpt":{"rendered":"<p>L\u00e2mina em a\u00e7o carbono de excelente qualidade com tratamento antiferrugem<br \/>\nApresenta pontas antiferrugem<br \/>\nApresenta pontas renov\u00e1veis<br \/>\nTubos em 10 l\u00e2minas<br \/>\nCortes precisos<\/p>\n<p>Indicada para estiletes largos<br \/>\nDimens\u00f5es da l\u00e2mina: 140 x 25 mm<\/p>\n<p>1 TUBOS COM 10 UNIDADES CADA (10 L\u00c2MINAS NO TOTAL)<\/p>\n","protected":false},"featured_media":15610,"template":"","meta":{"_joinchat":[]},"_links":{"self":[{"href":"https:\/\/mistersates-import.com.br\/loja\/wp-json\/wp\/v2\/product\/12921"}],"collection":[{"href":"https:\/\/mistersates-import.com.br\/loja\/wp-json\/wp\/v2\/product"}],"about":[{"href":"https:\/\/mistersates-import.com.br\/loja\/wp-json\/wp\/v2\/types\/product"}],"wp:featuredmedia":[{"embeddable":true,"href":"https:\/\/mistersates-import.com.br\/loja\/wp-json\/wp\/v2\/media\/15610"}],"wp:attachment":[{"href":"https:\/\/mistersates-import.com.br\/loja\/wp-json\/wp\/v2\/media?parent=12921"}],"curies":[{"name":"wp","href":"https:\/\/api.w.org\/{rel}","templated":true}]}}