{"id":12927,"date":"2021-06-25T19:39:16","date_gmt":"2021-06-25T22:39:16","guid":{"rendered":"https:\/\/mistersates-import.com.br\/loja\/?post_type=product&#038;p=12927"},"modified":"2024-04-27T12:57:44","modified_gmt":"2024-04-27T15:57:44","slug":"mini-teclado-wireless-touch-pad-pc-android-tv-smart-sem-led","status":"publish","type":"product","link":"https:\/\/mistersates-import.com.br\/loja\/product\/mini-teclado-wireless-touch-pad-pc-android-tv-smart-sem-led\/","title":{"rendered":"Mini Teclado Wireless Touch Pad Pc Android Tv Smart SEM LED"},"content":{"rendered":"<p>Mini Teclado com Touchpad Wireless 2.4G &#8211; BK-BTI8<br \/>\nO mini teclado sem fio \u00e9 um produto que facilita o uso da tecnologia digital. Ele pode ser usado em computadores, smartphones, iPads, IPTvs e Android TV Box, tudo isso na palma da m\u00e3o.<br \/>\nEste mini teclado tornar\u00e1 essas tarefas muito mais f\u00e1ceis, pois conta com um teclado padr\u00e3o QWERTY e v\u00e1rias teclas de atalho. Voc\u00ea pode, por exemplo, acessar a internet, e-mails, player de m\u00fasica apertando apenas um bot\u00e3o e o melhor de tudo \u00e9 que pode fazer isso \u00e0 dist\u00e2ncia, j\u00e1 que o mini teclado n\u00e3o te deixa preso a fios.<br \/>\nSua performance nos jogos ser\u00e1 muito maior! Basta configurar o mini teclado para jogos e voc\u00ea poder\u00e1 se divertir com muito mais praticidade. Conta, tamb\u00e9m, com mouse touchpad, bateria de l\u00edtio recarreg\u00e1vel e acabamento em material pl\u00e1stico que n\u00e3o escorrega.<\/p>\n<p>Especifica\u00e7\u00f5es T\u00e9cnicas:<\/p>\n<p>Caracter\u00edsticas:<br \/>\nModelo: BK-BTI8<\/p>\n<p>Especifica\u00e7\u00f5es:<br \/>\n&#8211; Alcance operacional: at\u00e9 10 m (sem barreiras f\u00edsicas)<br \/>\n&#8211; Transmiss\u00e3o de energia: + 5 dB m\u00e1x.<br \/>\n&#8211; Tens\u00e3o: 3.3 V<br \/>\n&#8211; Consumo: &lt; 50 mA<br \/>\n&#8211; Consumo em carregamento: &lt; 300 mA<br \/>\n&#8211; Consumo em modo standby: &lt; 1 mA<br \/>\n&#8211; Requisitos m\u00ednimos do sistema: Windows XP, 2000, Vista, 7, Linux<br \/>\n&#8211; Peso: 110 g<br \/>\n&#8211; Dimens\u00f5es aproximadas do produto (A x L x P): 9 x 14,5 x 2 cm<br \/>\n&#8211; Tamanho da caixa master (A x L x P): 57 x 31 x 37 cm<\/p>\n<p>Itens Inclusos:<br \/>\n1 mini teclado sem fio<br \/>\n1 cabo USB \/ mini USB (macho-macho)<br \/>\n1 nano conector USB (no compartimento da bateria)<br \/>\n1 bateria de l\u00edtio<br \/>\n1 manual do usu\u00e1rio<\/p>\n","protected":false},"excerpt":{"rendered":"<p>Mini Teclado com Touchpad Wireless 2.4G &#8211; BK-BTI8<br \/>\nO mini teclado sem fio \u00e9 um produto que facilita o uso da tecnologia digital. Ele pode ser usado em computadores, smartphones, iPads, IPTvs e Android TV Box, tudo isso na palma da m\u00e3o.<br \/>\nEste mini teclado tornar\u00e1 essas tarefas muito mais f\u00e1ceis, pois conta com um teclado padr\u00e3o QWERTY e v\u00e1rias teclas de atalho. Voc\u00ea pode, por exemplo, acessar a internet, e-mails, player de m\u00fasica apertando apenas um bot\u00e3o e o melhor de tudo \u00e9 que pode fazer isso \u00e0 dist\u00e2ncia, j\u00e1 que o mini teclado n\u00e3o te deixa preso a fios.<br \/>\nSua performance nos jogos ser\u00e1 muito maior! Basta configurar o mini teclado para jogos e voc\u00ea poder\u00e1 se divertir com muito mais praticidade. Conta, tamb\u00e9m, com mouse touchpad, bateria de l\u00edtio recarreg\u00e1vel e acabamento em material pl\u00e1stico que n\u00e3o escorrega.<\/p>\n","protected":false},"featured_media":12931,"template":"","meta":{"_joinchat":[]},"_links":{"self":[{"href":"https:\/\/mistersates-import.com.br\/loja\/wp-json\/wp\/v2\/product\/12927"}],"collection":[{"href":"https:\/\/mistersates-import.com.br\/loja\/wp-json\/wp\/v2\/product"}],"about":[{"href":"https:\/\/mistersates-import.com.br\/loja\/wp-json\/wp\/v2\/types\/product"}],"wp:featuredmedia":[{"embeddable":true,"href":"https:\/\/mistersates-import.com.br\/loja\/wp-json\/wp\/v2\/media\/12931"}],"wp:attachment":[{"href":"https:\/\/mistersates-import.com.br\/loja\/wp-json\/wp\/v2\/media?parent=12927"}],"curies":[{"name":"wp","href":"https:\/\/api.w.org\/{rel}","templated":true}]}}