{"id":12932,"date":"2021-06-25T19:51:22","date_gmt":"2021-06-25T22:51:22","guid":{"rendered":"https:\/\/mistersates-import.com.br\/loja\/?post_type=product&#038;p=12932"},"modified":"2026-03-13T21:09:12","modified_gmt":"2026-03-14T00:09:12","slug":"suporte-dremel-fresar-regulagem-de-altura-artesanato","status":"publish","type":"product","link":"https:\/\/mistersates-import.com.br\/loja\/product\/suporte-dremel-fresar-regulagem-de-altura-artesanato\/","title":{"rendered":"Suporte Dremel Fresar Regulagem De Altura Artesanato"},"content":{"rendered":"<p>Principais caracter\u00edsticas:<\/p>\n<p>Material de alta qualidade, garantindo-o dur\u00e1vel<br \/>\nPode ser usado para localizar a fresa e a cabe\u00e7a de perfura\u00e7\u00e3o<br \/>\nDeve ser conectado com a furadeira el\u00e9trica para uso<br \/>\nA especifica\u00e7\u00e3o do cortador \u00e9 3.175 x 39 mm<\/p>\n<p>Especifica\u00e7\u00e3o<br \/>\nGeral<\/p>\n<p>Aplica\u00e7\u00e3o: Ferramentas El\u00e9tricas<br \/>\nPeso e Dimens\u00e3o<\/p>\n<p>Tamanho da embalagem (L x L x A): 15,00 x 10,00 x 6,00 cm \/ 5,91 x 3,94 x 2,36 polegadas<br \/>\nPeso da embalagem: 0,0750 kg<br \/>\nconte\u00fado do pacote<\/p>\n<p>Conte\u00fado do pacote: 1 x localizador,<\/p>\n","protected":false},"excerpt":{"rendered":"<p>Material de alta qualidade, garantindo-o dur\u00e1vel<br \/>\nPode ser usado para localizar a fresa e a cabe\u00e7a de perfura\u00e7\u00e3o<br \/>\nDeve ser conectado com a furadeira el\u00e9trica para uso<br \/>\nA especifica\u00e7\u00e3o do cortador \u00e9 3.175 x 39 mm<\/p>\n<p>Especifica\u00e7\u00e3o<br \/>\nGeral<\/p>\n<p>Aplica\u00e7\u00e3o: Ferramentas El\u00e9tricas<\/p>\n","protected":false},"featured_media":12934,"template":"","meta":{"_joinchat":[]},"_links":{"self":[{"href":"https:\/\/mistersates-import.com.br\/loja\/wp-json\/wp\/v2\/product\/12932"}],"collection":[{"href":"https:\/\/mistersates-import.com.br\/loja\/wp-json\/wp\/v2\/product"}],"about":[{"href":"https:\/\/mistersates-import.com.br\/loja\/wp-json\/wp\/v2\/types\/product"}],"wp:featuredmedia":[{"embeddable":true,"href":"https:\/\/mistersates-import.com.br\/loja\/wp-json\/wp\/v2\/media\/12934"}],"wp:attachment":[{"href":"https:\/\/mistersates-import.com.br\/loja\/wp-json\/wp\/v2\/media?parent=12932"}],"curies":[{"name":"wp","href":"https:\/\/api.w.org\/{rel}","templated":true}]}}