{"id":12939,"date":"2021-06-25T20:00:11","date_gmt":"2021-06-25T23:00:11","guid":{"rendered":"https:\/\/mistersates-import.com.br\/loja\/?post_type=product&#038;p=12939"},"modified":"2025-10-07T15:46:07","modified_gmt":"2025-10-07T18:46:07","slug":"2-adaptadores-extensor-vga-video-via-cabo-rede-rj45","status":"publish","type":"product","link":"https:\/\/mistersates-import.com.br\/loja\/product\/2-adaptadores-extensor-vga-video-via-cabo-rede-rj45\/","title":{"rendered":"2 Adaptadores Extensor Vga Video Via Cabo Rede Rj45"},"content":{"rendered":"<p>ANUNCIO REFERENTE A VENDA DE 2 UNIDADES<\/p>\n<p>ANUNCIO REFERENTE A VENDA DE 2 UNIDADES<\/p>\n<p>DESCRI\u00c7\u00c3O:<\/p>\n<p>Permite fazer um cabo de v\u00eddeo VGA ou uma Extens\u00e3o de Cabo VGA atrav\u00e9s do cabo de rede RJ45 at\u00e9 30 Metros.<\/p>\n<p>Conector = 15 Pinos -HD Macho Para RJ 45<\/p>\n<p>Transmiss\u00e3o de sinal at\u00e9 30 Metros<\/p>\n<p>Tipo de conex\u00e3o vga = Macho<\/p>\n<p>Compatibilidade = Aparelhos com entrada ou sa\u00edda VGA<\/p>\n<p>Cabo de redes compat\u00edveis = CAT5, CAT6<\/p>\n","protected":false},"excerpt":{"rendered":"<p>Permite fazer um cabo de v\u00eddeo VGA ou uma Extens\u00e3o de Cabo VGA atrav\u00e9s do cabo de rede RJ45 at\u00e9 30 Metros.<\/p>\n<p>Conector = 15 Pinos -HD Macho Para RJ 45<\/p>\n<p>Transmiss\u00e3o de sinal at\u00e9 30 Metros<\/p>\n<p>Tipo de conex\u00e3o vga = Macho<\/p>\n<p>Compatibilidade = Aparelhos com entrada ou sa\u00edda VGA<\/p>\n<p>Cabo de redes compat\u00edveis = CAT5, CAT6<\/p>\n","protected":false},"featured_media":15611,"template":"","meta":{"_joinchat":[]},"_links":{"self":[{"href":"https:\/\/mistersates-import.com.br\/loja\/wp-json\/wp\/v2\/product\/12939"}],"collection":[{"href":"https:\/\/mistersates-import.com.br\/loja\/wp-json\/wp\/v2\/product"}],"about":[{"href":"https:\/\/mistersates-import.com.br\/loja\/wp-json\/wp\/v2\/types\/product"}],"wp:featuredmedia":[{"embeddable":true,"href":"https:\/\/mistersates-import.com.br\/loja\/wp-json\/wp\/v2\/media\/15611"}],"wp:attachment":[{"href":"https:\/\/mistersates-import.com.br\/loja\/wp-json\/wp\/v2\/media?parent=12939"}],"curies":[{"name":"wp","href":"https:\/\/api.w.org\/{rel}","templated":true}]}}