{"id":12948,"date":"2021-06-25T20:12:08","date_gmt":"2021-06-25T23:12:08","guid":{"rendered":"https:\/\/mistersates-import.com.br\/loja\/?post_type=product&#038;p=12948"},"modified":"2026-02-07T12:52:14","modified_gmt":"2026-02-07T15:52:14","slug":"cabo-adaptador-3-x-1-thunderbolt-3-0-para-hdmi-usb-3-0-tipo-c","status":"publish","type":"product","link":"https:\/\/mistersates-import.com.br\/loja\/product\/cabo-adaptador-3-x-1-thunderbolt-3-0-para-hdmi-usb-3-0-tipo-c\/","title":{"rendered":"Cabo Adaptador 3 x 1- Thunderbolt 3.0 Para Hdmi Usb 3.0 Tipo-c"},"content":{"rendered":"<div style=\"width: 940px;\" class=\"wp-video\"><!--[if lt IE 9]><script>document.createElement('video');<\/script><![endif]-->\n<video class=\"wp-video-shortcode\" id=\"video-12948-1\" width=\"940\" height=\"529\" preload=\"metadata\" controls=\"controls\"><source type=\"video\/mp4\" src=\"https:\/\/mistersates-import.com.br\/loja\/wp-content\/uploads\/2021\/06\/shopee-video.mp4?_=1\" \/><a href=\"https:\/\/mistersates-import.com.br\/loja\/wp-content\/uploads\/2021\/06\/shopee-video.mp4\">https:\/\/mistersates-import.com.br\/loja\/wp-content\/uploads\/2021\/06\/shopee-video.mp4<\/a><\/video><\/div>\n<p>DESCRI\u00c7\u00c3O:<\/p>\n<p>Usb 3.1 Tipo-C Para Hdtv Hdmi Adaptador 4K \/ Usb3.0 \/ Tipo C Adaptador De Cabo De Conversor Para Novo Macbook \/ Chromebook Pixel \/ Dell Xps13 \/ Ioga 900 \/ Lumia 950Xl \/ Dispositivos Usb-C Para Hdtv \/ Projetor.<\/p>\n<p>F\u00e1cil opera\u00e7\u00e3o: plug and play , nenhum driver extra \u00e9 necess\u00e1rio.Pode conectar no disco, disco r\u00edgido, mouse, teclado, telefone.<\/p>\n<p>Interface USB 3.1 Tipo-C com taxa de transfer\u00eancia de dados de at\u00e9 10 Gbps.Tipo-C para HDMI \/ USB-C \/ USB3.0 Adaptador de Hub 3 em 1 para MacBook.<\/p>\n<p>N\u00e3o \u00e9 necess\u00e1ria instala\u00e7\u00e3o de driver ou alimenta\u00e7\u00e3o externa.<\/p>\n<p>Com design fino e port\u00e1til, voc\u00ea pode facilmente coloc\u00e1-lo em suas malas; A f\u00eamea USB C s\u00f3 pode ser conectada ao adaptador de energia e carregar seu laptop \/ computador USB-C;<\/p>\n<p>N\u00e3o suporta transfer\u00eancia de dados. Por favor, tenha em aten\u00e7\u00e3o: este produto APENAS funciona para dispositivos com a porta USB C, que suporta fun\u00e7\u00f5es de entrada e sa\u00edda de dados e energia.<\/p>\n<p>Detalhes do produto<\/p>\n<p>Tipo: Conector<br \/>\nInterface: HDMI, Type-C<br \/>\nTamanho e peso<\/p>\n<p>Peso do produto: 0,0480 kg<br \/>\nPeso da embalagem: 0,0500 kg<br \/>\nTamanho do produto (C x L x A): 15,00 x 5,80 x 1,20 cm \/ 5,91 x 2,28 x 0,47 polegadas<br \/>\nTamanho da embalagem (L x lxA): 16,00 x 6,00 x 2,00 cm \/ 6,3 x 2,36 x 0,79 polegadas<br \/>\nconte\u00fado do pacote<\/p>\n<p>Conte\u00fado do pacote: 1 x adaptador de cabo conversor<\/p>\n","protected":false},"excerpt":{"rendered":"<p>USB 3.1 Tipo-C Para HDTV Hdmi Adaptador 4K \/ USB3.0 \/ Tipo C Adaptador De Cabo De Conversor Para Novo Macbook \/ Chromebook Pixel \/ Dell Xps13 \/ Ioga 900 \/ Lumia 950Xl \/ Dispositivos USB-C Para HDTV \/ Projetor<br \/>\nF\u00e1cil opera\u00e7\u00e3o: plug and play , nenhum driver extra \u00e9 necess\u00e1rio. Pode conectar U disco, disco r\u00edgido, mouse, teclado, telefone.<br \/>\nInterface USB 3.1 Tipo-C com taxa de transfer\u00eancia de dados de at\u00e9 10 Gbps. Tipo-C para HDMI \/ USB-C \/ USB3.0 Adaptador de Hub 3 em 1 para MacBook.<br \/>\nN\u00e3o \u00e9 necess\u00e1ria instala\u00e7\u00e3o de driver ou alimenta\u00e7\u00e3o externa. Com design fino e port\u00e1til, voc\u00ea pode facilmente coloc\u00e1-lo em suas malas; A f\u00eamea USB C s\u00f3 pode ser conectada ao adaptador de energia e carregar seu laptop \/ computador USB-C; n\u00e3o suporta transfer\u00eancia de dados. Por favor, tenha em aten\u00e7\u00e3o: este produto APENAS funciona para dispositivos com a porta USB C, que suporta fun\u00e7\u00f5es de entrada e sa\u00edda de dados e energia.<\/p>\n","protected":false},"featured_media":12949,"template":"","meta":{"_joinchat":[]},"_links":{"self":[{"href":"https:\/\/mistersates-import.com.br\/loja\/wp-json\/wp\/v2\/product\/12948"}],"collection":[{"href":"https:\/\/mistersates-import.com.br\/loja\/wp-json\/wp\/v2\/product"}],"about":[{"href":"https:\/\/mistersates-import.com.br\/loja\/wp-json\/wp\/v2\/types\/product"}],"wp:featuredmedia":[{"embeddable":true,"href":"https:\/\/mistersates-import.com.br\/loja\/wp-json\/wp\/v2\/media\/12949"}],"wp:attachment":[{"href":"https:\/\/mistersates-import.com.br\/loja\/wp-json\/wp\/v2\/media?parent=12948"}],"curies":[{"name":"wp","href":"https:\/\/api.w.org\/{rel}","templated":true}]}}