{"id":12956,"date":"2021-06-25T20:24:23","date_gmt":"2021-06-25T23:24:23","guid":{"rendered":"https:\/\/mistersates-import.com.br\/loja\/?post_type=product&#038;p=12956"},"modified":"2024-11-11T18:02:04","modified_gmt":"2024-11-11T21:02:04","slug":"chave-seletora-switch-hub-hdmi-3-entradas-1-saida","status":"publish","type":"product","link":"https:\/\/mistersates-import.com.br\/loja\/product\/chave-seletora-switch-hub-hdmi-3-entradas-1-saida\/","title":{"rendered":"Chave Seletora Switch Hub Hdmi 3 Entradas 1 Sa\u00edda"},"content":{"rendered":"<p>Switch HDMI com 3 entradas e 1 sa\u00edda \u00e9 indicado para casos em que o usu\u00e1rio possui algum aparelho com apenas uma entrada HDMI ou possui aparelhos com entradas de dif\u00edcil acesso. Sendo assim, faz-se necess\u00e1rio o uso de um equipamento que concentre em um \u00fanico lugar as v\u00e1rias entradas HDMI, facilitando a conex\u00e3o com v\u00e1rios equipamentos, sem perda de qualidade da imagem ou som. F\u00e1cil transi\u00e7\u00e3o de um equipamento para outro. Produto EXBOM ORIGINAL COM EXCELENTE QUALIDADE!!!<\/p>\n<p>. Caracter\u00edsticas:<\/p>\n<p>&#8211; 3 Portas HDMI<br \/>\n&#8211; Resolu\u00e7\u00e3o de 1080 p<br \/>\n&#8211; Sem perda de qualidade de \u00e1udio e v\u00eddeo<br \/>\n&#8211; Suporte 12-bit Deep Color, Full 1080p<br \/>\n&#8211; Multifuncional na comuta\u00e7\u00e3o inteligente ou mec\u00e2nica<br \/>\n&#8211; Alto desempenho at\u00e9 2,5 Gbps.<\/p>\n","protected":false},"excerpt":{"rendered":"<p>Switch HDMI com 3 entradas e 1 sa\u00edda \u00e9 indicado para casos em que o usu\u00e1rio possui algum aparelho com apenas uma entrada HDMI ou possui aparelhos com entradas de dif\u00edcil acesso. Sendo assim, faz-se necess\u00e1rio o uso de um equipamento que concentre em um \u00fanico lugar as v\u00e1rias entradas HDMI, facilitando a conex\u00e3o com v\u00e1rios equipamentos, sem perda de qualidade da imagem ou som. F\u00e1cil transi\u00e7\u00e3o de um equipamento para outro. Produto EXBOM ORIGINAL COM EXCELENTE QUALIDADE!!!<\/p>\n<p>. Caracter\u00edsticas:<\/p>\n<p>&#8211; 3 Portas HDMI<br \/>\n&#8211; Resolu\u00e7\u00e3o de 1080 p<br \/>\n&#8211; Sem perda de qualidade de \u00e1udio e v\u00eddeo<br \/>\n&#8211; Suporte 12-bit Deep Color, Full 1080p<br \/>\n&#8211; Multifuncional na comuta\u00e7\u00e3o inteligente ou mec\u00e2nica<br \/>\n&#8211; Alto desempenho at\u00e9 2,5 Gbps.<\/p>\n","protected":false},"featured_media":12957,"template":"","meta":{"_joinchat":[]},"_links":{"self":[{"href":"https:\/\/mistersates-import.com.br\/loja\/wp-json\/wp\/v2\/product\/12956"}],"collection":[{"href":"https:\/\/mistersates-import.com.br\/loja\/wp-json\/wp\/v2\/product"}],"about":[{"href":"https:\/\/mistersates-import.com.br\/loja\/wp-json\/wp\/v2\/types\/product"}],"wp:featuredmedia":[{"embeddable":true,"href":"https:\/\/mistersates-import.com.br\/loja\/wp-json\/wp\/v2\/media\/12957"}],"wp:attachment":[{"href":"https:\/\/mistersates-import.com.br\/loja\/wp-json\/wp\/v2\/media?parent=12956"}],"curies":[{"name":"wp","href":"https:\/\/api.w.org\/{rel}","templated":true}]}}