{"id":12967,"date":"2021-06-25T20:43:36","date_gmt":"2021-06-25T23:43:36","guid":{"rendered":"https:\/\/mistersates-import.com.br\/loja\/?post_type=product&#038;p=12967"},"modified":"2024-04-15T17:03:02","modified_gmt":"2024-04-15T20:03:02","slug":"mini-balanca-digital-de-bolso-alta-precisao-01ate500gr-ut01","status":"publish","type":"product","link":"https:\/\/mistersates-import.com.br\/loja\/product\/mini-balanca-digital-de-bolso-alta-precisao-01ate500gr-ut01\/","title":{"rendered":"Mini Balan\u00e7a Digital De Bolso Alta Precis\u00e3o 0,1at\u00e9500gr Ut01"},"content":{"rendered":"<p>Caracter\u00edsticas:<\/p>\n<p>Visor em cristal l\u00edquido, possuindo ilumina\u00e7\u00e3o<br \/>\nAlta qualidade, com precis\u00e3o em sua pesagem<br \/>\nDesign elegante e pr\u00e1tico, sendo poss\u00edvel carrega-lo em sua mochila, bolsa, entre outros<br \/>\nAp\u00f3s 30 segundo de uso, haver\u00e1 o desligamento autom\u00e1tico da balan\u00e7a<\/p>\n<p>Informa\u00e7\u00f5es t\u00e9cnicas<\/p>\n<p>Gradua\u00e7\u00e3o: 0,1 g<br \/>\nPesagem: G, OZ, CT<br \/>\nCapacidade m\u00e1xima: 500 g<br \/>\nDisplay em cristal l\u00edquido iluminado<br \/>\nBot\u00e3o de liga\/desliga<br \/>\nTampa protetora em acr\u00edlico<br \/>\nBase de peso em a\u00e7o inox<br \/>\nAlimenta\u00e7\u00e3o: 2 pilhas AAA<br \/>\nPossui indicador de bateria fraca<br \/>\nPlataforma de pesagem: 5,5 x 5 cm<br \/>\nDimens\u00f5es: 2 x 6 x 12 cm<br \/>\nPeso: 103 g<\/p>\n<p>Itens Inclusos:<\/p>\n<p>1 Mini Balan\u00e7a de bolso<br \/>\n2 Pilhas AAA<br \/>\n1 Manual em ingl\u00eas<\/p>\n","protected":false},"excerpt":{"rendered":"<p>Caracter\u00edsticas:<\/p>\n<p>Visor em cristal l\u00edquido, possuindo ilumina\u00e7\u00e3o<br \/>\nAlta qualidade, com precis\u00e3o em sua pesagem<br \/>\nDesign elegante e pr\u00e1tico, sendo poss\u00edvel carrega-lo em sua mochila, bolsa, entre outros<br \/>\nAp\u00f3s 30 segundo de uso, haver\u00e1 o desligamento autom\u00e1tico da balan\u00e7a<\/p>\n","protected":false},"featured_media":16580,"template":"","meta":{"_joinchat":[]},"_links":{"self":[{"href":"https:\/\/mistersates-import.com.br\/loja\/wp-json\/wp\/v2\/product\/12967"}],"collection":[{"href":"https:\/\/mistersates-import.com.br\/loja\/wp-json\/wp\/v2\/product"}],"about":[{"href":"https:\/\/mistersates-import.com.br\/loja\/wp-json\/wp\/v2\/types\/product"}],"wp:featuredmedia":[{"embeddable":true,"href":"https:\/\/mistersates-import.com.br\/loja\/wp-json\/wp\/v2\/media\/16580"}],"wp:attachment":[{"href":"https:\/\/mistersates-import.com.br\/loja\/wp-json\/wp\/v2\/media?parent=12967"}],"curies":[{"name":"wp","href":"https:\/\/api.w.org\/{rel}","templated":true}]}}