{"id":12973,"date":"2021-06-25T20:51:14","date_gmt":"2021-06-25T23:51:14","guid":{"rendered":"https:\/\/mistersates-import.com.br\/loja\/?post_type=product&#038;p=12973"},"modified":"2024-12-15T22:01:00","modified_gmt":"2024-12-16T01:01:00","slug":"base-de-montagem-360o-engate-rapido-gopro-c-parafuso","status":"publish","type":"product","link":"https:\/\/mistersates-import.com.br\/loja\/product\/base-de-montagem-360o-engate-rapido-gopro-c-parafuso\/","title":{"rendered":"Base De Montagem 360\u00ba &#8211; Engate R\u00e1pido &#8211; Gopro C\/Parafuso"},"content":{"rendered":"<p>Caracter\u00edsticas:<\/p>\n<p>100% novo e de alta qualidade.<br \/>\nBase girat\u00f3ria de 360 graus, a dire\u00e7\u00e3o da sua c\u00e2mera pode ser ajustada.<br \/>\nMontagem de fivela de superf\u00edcie vertical j-gancho<br \/>\nFeito de material de alta qualidade, dur\u00e1vel e leve<br \/>\nOpera\u00e7\u00e3o f\u00e1cil, f\u00e1cil de instalar e remover<br \/>\nCor: Preto<\/p>\n<p>Para:<\/p>\n<p>Para Gopro 8 7 6 5 5S 4S 4 3 + 3 2 1<br \/>\nPara SJCAM SJ4000 SJ5000 SJ6000 SJ7000 M10 M20 SJ6<br \/>\nPara xiaomi yi xiaomi 4k<br \/>\nPara EKEN H8 H8R H9 H9R W9<\/p>\n<p>Compat\u00edvel com todos os tipos de movimento da c\u00e2mera da caixa de prote\u00e7\u00e3o<\/p>\n<p>Lista do pacote:<br \/>\n1 x base girat\u00f3ria de 360 graus<\/p>\n","protected":false},"excerpt":{"rendered":"<p>Caracter\u00edsticas:<\/p>\n<p>100% novo e de alta qualidade.<br \/>\nBase girat\u00f3ria de 360 graus, a dire\u00e7\u00e3o da sua c\u00e2mera pode ser ajustada.<br \/>\nMontagem de fivela de superf\u00edcie vertical j-gancho<br \/>\nFeito de material de alta qualidade, dur\u00e1vel e leve<br \/>\nOpera\u00e7\u00e3o f\u00e1cil, f\u00e1cil de instalar e remover<br \/>\nCor: Preto<\/p>\n<p>Para:<\/p>\n<p>Para Gopro 8 7 6 5 5S 4S 4 3 + 3 2 1<br \/>\nPara SJCAM SJ4000 SJ5000 SJ6000 SJ7000 M10 M20 SJ6<br \/>\nPara xiaomi yi xiaomi 4k<br \/>\nPara EKEN H8 H8R H9 H9R W9<\/p>\n","protected":false},"featured_media":15827,"template":"","meta":{"_joinchat":[]},"_links":{"self":[{"href":"https:\/\/mistersates-import.com.br\/loja\/wp-json\/wp\/v2\/product\/12973"}],"collection":[{"href":"https:\/\/mistersates-import.com.br\/loja\/wp-json\/wp\/v2\/product"}],"about":[{"href":"https:\/\/mistersates-import.com.br\/loja\/wp-json\/wp\/v2\/types\/product"}],"wp:featuredmedia":[{"embeddable":true,"href":"https:\/\/mistersates-import.com.br\/loja\/wp-json\/wp\/v2\/media\/15827"}],"wp:attachment":[{"href":"https:\/\/mistersates-import.com.br\/loja\/wp-json\/wp\/v2\/media?parent=12973"}],"curies":[{"name":"wp","href":"https:\/\/api.w.org\/{rel}","templated":true}]}}