{"id":13003,"date":"2021-06-25T21:35:06","date_gmt":"2021-06-26T00:35:06","guid":{"rendered":"https:\/\/mistersates-import.com.br\/loja\/?post_type=product&#038;p=13003"},"modified":"2025-07-09T18:00:43","modified_gmt":"2025-07-09T21:00:43","slug":"conector-emenda-fita-fita-5050-rgb-4-vias-com-fio-15cm","status":"publish","type":"product","link":"https:\/\/mistersates-import.com.br\/loja\/product\/conector-emenda-fita-fita-5050-rgb-4-vias-com-fio-15cm\/","title":{"rendered":"Conector Emenda Fita-fita 5050 Rgb 4 Vias Com Fio 15cm"},"content":{"rendered":"<p>10 mm largura de 4 pinos cabo de extens\u00e3o do conector sem solda tira conduzida fio acess\u00f3rios de ilumina\u00e7\u00e3o para 5050 smd tira conduzida RGB<\/p>\n<p>1 UN EMENDA PARA FITA SE SOLDA 10MM 4 PINOS<\/p>\n","protected":false},"excerpt":{"rendered":"<p>10 mm largura de 4 pinos cabo de extens\u00e3o do conector sem solda tira conduzida fio acess\u00f3rios de ilumina\u00e7\u00e3o para 5050 smd tira conduzida RGB<\/p>\n<p>1 UN EMENDA PARA FITA SE SOLDA 10MM 4 PINOS<\/p>\n","protected":false},"featured_media":13004,"template":"","meta":{"_joinchat":[]},"_links":{"self":[{"href":"https:\/\/mistersates-import.com.br\/loja\/wp-json\/wp\/v2\/product\/13003"}],"collection":[{"href":"https:\/\/mistersates-import.com.br\/loja\/wp-json\/wp\/v2\/product"}],"about":[{"href":"https:\/\/mistersates-import.com.br\/loja\/wp-json\/wp\/v2\/types\/product"}],"wp:featuredmedia":[{"embeddable":true,"href":"https:\/\/mistersates-import.com.br\/loja\/wp-json\/wp\/v2\/media\/13004"}],"wp:attachment":[{"href":"https:\/\/mistersates-import.com.br\/loja\/wp-json\/wp\/v2\/media?parent=13003"}],"curies":[{"name":"wp","href":"https:\/\/api.w.org\/{rel}","templated":true}]}}