{"id":13009,"date":"2021-06-25T21:42:48","date_gmt":"2021-06-26T00:42:48","guid":{"rendered":"https:\/\/mistersates-import.com.br\/loja\/?post_type=product&#038;p=13009"},"modified":"2024-03-23T13:34:40","modified_gmt":"2024-03-23T16:34:40","slug":"termometro-culinario-digital-tp101-espeto-alimento-cozinha","status":"publish","type":"product","link":"https:\/\/mistersates-import.com.br\/loja\/product\/termometro-culinario-digital-tp101-espeto-alimento-cozinha\/","title":{"rendered":"Termometro Culinario Digital Tp101 Espeto Alimento Cozinha"},"content":{"rendered":"<p>Alimentos queimados, secos, sem sucul\u00eancia , muito quente ou muito frio? NUNCA mais, use para cozinhar, verificara temperatura correta, de l\u00edquidos e alimentos s\u00f3lidos.<\/p>\n<p>Especifica\u00e7\u00f5es:<\/p>\n<p>Term\u00f4metro Culin\u00e1rio Digital Espeto Alimentos Cozinha Tp101<\/p>\n<p>\u2013 Mede de -50\u00baC a +300\u00baC<br \/>\n\u2013 Escala: 0,1 \u00baC<br \/>\n\u2013 Bateria 1,5V AG13 (Inclusa)<br \/>\n\u2013 Peso: 75g<br \/>\n\u2013 Tamanho: 22,5cm<br \/>\n\u2013 Modo de economia de energia: desliga automaticamente ap\u00f3s 10 minutos sem uso.<\/p>\n<p>Principais bot\u00f5es:<br \/>\n\u2013 Ligar\/desligar, cent\u00edgrados\/Fahrenheit e Fun\u00e7\u00e3o Hold (Fixa \u00faltima medi\u00e7\u00e3o)<br \/>\n\u2013 Mem\u00f3ria da \u00faltima medi\u00e7\u00e3o<br \/>\n\u2013 Desligamento autom\u00e1tico para economia de energia<\/p>\n<p>Instru\u00e7\u00f5es<\/p>\n<p>1- Pressione o Bot\u00e3o Hold para fixar a temperatura quando estiver medindo e pressione novamente para iniciar uma nova medi\u00e7\u00e3o.<br \/>\n2 \u2013 Pressione \u00baC e \u00baF para selecionar a escala que deseja utilizar.<br \/>\n3 \u2013 On\/Off \u2013 Liga e desliga o aparelho<br \/>\n4 \u2013 Max\/Min. Mostra a maior e a menor temperatura medida.<\/p>\n<p>Conte\u00fado:<\/p>\n<p>1 &#8211; Term\u00f4metro Culin\u00e1rio Digital Espeto Alimentos Cozinha<\/p>\n","protected":false},"excerpt":{"rendered":"<p>Alimentos queimados, secos, sem sucul\u00eancia , muito quente ou muito frio? NUNCA mais, use para cozinhar, verificara temperatura correta, de l\u00edquidos e alimentos s\u00f3lidos.<\/p>\n<p>Especifica\u00e7\u00f5es:<\/p>\n<p>Term\u00f4metro Culin\u00e1rio Digital Espeto Alimentos Cozinha Tp101<\/p>\n<p>\u2013 Mede de -50\u00baC a +300\u00baC<br \/>\n\u2013 Escala: 0,1 \u00baC<br \/>\n\u2013 Bateria 1,5V AG13 (Inclusa)<br \/>\n\u2013 Peso: 75g<br \/>\n\u2013 Tamanho: 22,5cm<br \/>\n\u2013 Modo de economia de energia: desliga automaticamente ap\u00f3s 10 minutos sem uso.<\/p>\n","protected":false},"featured_media":13010,"template":"","meta":{"_joinchat":[]},"_links":{"self":[{"href":"https:\/\/mistersates-import.com.br\/loja\/wp-json\/wp\/v2\/product\/13009"}],"collection":[{"href":"https:\/\/mistersates-import.com.br\/loja\/wp-json\/wp\/v2\/product"}],"about":[{"href":"https:\/\/mistersates-import.com.br\/loja\/wp-json\/wp\/v2\/types\/product"}],"wp:featuredmedia":[{"embeddable":true,"href":"https:\/\/mistersates-import.com.br\/loja\/wp-json\/wp\/v2\/media\/13010"}],"wp:attachment":[{"href":"https:\/\/mistersates-import.com.br\/loja\/wp-json\/wp\/v2\/media?parent=13009"}],"curies":[{"name":"wp","href":"https:\/\/api.w.org\/{rel}","templated":true}]}}