{"id":13014,"date":"2021-06-25T21:51:46","date_gmt":"2021-06-26T00:51:46","guid":{"rendered":"https:\/\/mistersates-import.com.br\/loja\/?post_type=product&#038;p=13014"},"modified":"2024-03-15T18:24:56","modified_gmt":"2024-03-15T21:24:56","slug":"cabo-av-rca-tv-box-android-mxq-4k-ligue-sua-tv-antiga-1-mts","status":"publish","type":"product","link":"https:\/\/mistersates-import.com.br\/loja\/product\/cabo-av-rca-tv-box-android-mxq-4k-ligue-sua-tv-antiga-1-mts\/","title":{"rendered":"Cabo Av Rca Tv Box Android Mxq 4k Ligue Sua Tv Antiga 1 Mts"},"content":{"rendered":"<p>&#8211; CARACTER\u00cdSTICAS DO PRODUTO &#8211;<\/p>\n<p>Ligue seu Tv Box Na Tv de Tubo, iPod, MP3, celular, Notebook, direto a um aparelho de som como Micro System ou at\u00e9 mesmo em um amplificador de carro sem o uso de aparelhos de CD ou toca fitas!<br \/>\nCabo para conex\u00e3o de equipamentos de \u00e1udio fabricado em material de alta qualidade, para m\u00e1xima durabilidade com conectores blindados para m\u00e1xima garantia contra interfer\u00eancias.<\/p>\n<p>&#8211; INFORMA\u00c7\u00d5ES T\u00c9CNICAS &#8211;<\/p>\n<p>Cabo Adaptador P2 + 3RCA<br \/>\nDescri\u00e7\u00e3o T\u00e9cnica<br \/>\nCabo Adaptador P2 + 3RCA<br \/>\nP2 Macho \/ 3RCA Macho \u00c1udio e v\u00eddeo<br \/>\nComprimento: 1.5 metros<br \/>\nPlug 3.5mm Est\u00e9reo<br \/>\nPasse imagens pela sa\u00edda p2 ( saida p2 do aparelho tem que ser sa\u00edda de v\u00eddeo ) para RCA<br \/>\nN\u00e3o reproduz Imagens de celular pela sa\u00edda p2 somente \u00e1udio<br \/>\nMuito utilizado em TVs port\u00e1teis, GPS e outros aparelhos que tenha sa\u00edda de \u00e1udio e v\u00eddeo pelo p2<br \/>\nProduto novo a Pronta entrega, ap\u00f3s efetuar o Pagamento.<\/p>\n<p>&#8211; ITENS INCLUSOS &#8211;<\/p>\n<p>Cabo P2 x 3 Rca<\/p>\n","protected":false},"excerpt":{"rendered":"<p>&#8211; CARACTER\u00cdSTICAS DO PRODUTO &#8211;<\/p>\n<p>Ligue seu Tv Box Na Tv de Tubo, iPod, MP3, celular, Notebook, direto a um aparelho de som como Micro System ou at\u00e9 mesmo em um amplificador de carro sem o uso de aparelhos de CD ou toca fitas!<br \/>\nCabo para conex\u00e3o de equipamentos de \u00e1udio fabricado em material de alta qualidade, para m\u00e1xima durabilidade com conectores blindados para m\u00e1xima garantia contra interfer\u00eancias.<\/p>\n<p>&#8211; INFORMA\u00c7\u00d5ES T\u00c9CNICAS &#8211;<\/p>\n<p>Cabo Adaptador P2 + 3RCA<br \/>\nDescri\u00e7\u00e3o T\u00e9cnica<br \/>\nCabo Adaptador P2 + 3RCA<br \/>\nP2 Macho \/ 3RCA Macho \u00c1udio e v\u00eddeo<br \/>\nComprimento: 1.5 metros<br \/>\nPlug 3.5mm Est\u00e9reo<br \/>\nPasse imagens pela sa\u00edda p2 ( saida p2 do aparelho tem que ser sa\u00edda de v\u00eddeo ) para RCA<br \/>\nN\u00e3o reproduz Imagens de celular pela sa\u00edda p2 somente \u00e1udio<br \/>\nMuito utilizado em TVs port\u00e1teis, GPS e outros aparelhos que tenha sa\u00edda de \u00e1udio e v\u00eddeo pelo p2<br \/>\nProduto novo a Pronta entrega, ap\u00f3s efetuar o Pagamento.<\/p>\n<p>&#8211; ITENS INCLUSOS &#8211;<\/p>\n<p>Cabo P2 x 3 Rca<\/p>\n","protected":false},"featured_media":15920,"template":"","meta":{"_joinchat":[]},"_links":{"self":[{"href":"https:\/\/mistersates-import.com.br\/loja\/wp-json\/wp\/v2\/product\/13014"}],"collection":[{"href":"https:\/\/mistersates-import.com.br\/loja\/wp-json\/wp\/v2\/product"}],"about":[{"href":"https:\/\/mistersates-import.com.br\/loja\/wp-json\/wp\/v2\/types\/product"}],"wp:featuredmedia":[{"embeddable":true,"href":"https:\/\/mistersates-import.com.br\/loja\/wp-json\/wp\/v2\/media\/15920"}],"wp:attachment":[{"href":"https:\/\/mistersates-import.com.br\/loja\/wp-json\/wp\/v2\/media?parent=13014"}],"curies":[{"name":"wp","href":"https:\/\/api.w.org\/{rel}","templated":true}]}}