{"id":13048,"date":"2021-06-26T10:35:16","date_gmt":"2021-06-26T13:35:16","guid":{"rendered":"https:\/\/mistersates-import.com.br\/loja\/?post_type=product&#038;p=13048"},"modified":"2024-03-18T12:09:08","modified_gmt":"2024-03-18T15:09:08","slug":"camera-inspecao-sonda-endoscopica-6-led-android-pc-usb-5m","status":"publish","type":"product","link":"https:\/\/mistersates-import.com.br\/loja\/product\/camera-inspecao-sonda-endoscopica-6-led-android-pc-usb-5m\/","title":{"rendered":"Camera Inspe\u00e7\u00e3o Sonda Endosc\u00f3pica 6 Led Android\/pc Usb 5m"},"content":{"rendered":"<p>Modelo Endosc\u00f3pica<br \/>\nLinha 5m<br \/>\nTipo de c\u00e2meras Micro 5.5 MM<br \/>\nQualidade de resolu\u00e7\u00e3o HD 720p<br \/>\nFormato c\u00e2mera sonda<br \/>\nTipo de conector Com fio<br \/>\nA prova d&#8217;\u00e1gua<br \/>\nAmbiente de utiliza\u00e7\u00e3o Interno\/Externo<br \/>\nCapacidade de armazenamento 0 GB<\/p>\n<p>Descri\u00e7\u00e3o:<\/p>\n<p>Especifica\u00e7\u00f5es:<\/p>\n<p>Di\u00e2metro C\u00e2mera: 5.5 Mil\u00edmetros<br \/>\nComprimento Da Sonda: 5m<br \/>\nResolu\u00e7\u00e3o: 640x480p<br \/>\nTaxa De Quadros: 30fps<br \/>\nPixels: 300k Pixels<br \/>\nAmplo \u00c2ngulo De Vis\u00e3o Visual: 66\u00b0<br \/>\nDist\u00e2ncia Focal: 4cm<br \/>\nFoto Formato: Jpg<br \/>\nFormato De V\u00eddeo: Avi<br \/>\nLuz: 6 LEDs Brancos Ajust\u00e1veis<\/p>\n","protected":false},"excerpt":{"rendered":"<p>Modelo Endosc\u00f3pica<br \/>\nLinha 5m<br \/>\nTipo de c\u00e2meras Micro 5.5 MM<br \/>\nQualidade de resolu\u00e7\u00e3o HD 720p<br \/>\nFormato c\u00e2mera sonda<br \/>\nTipo de conector Com fio<br \/>\nA prova d&#8217;\u00e1gua<br \/>\nAmbiente de utiliza\u00e7\u00e3o Interno\/Externo<br \/>\nCapacidade de armazenamento 0 GB<\/p>\n<p>Descri\u00e7\u00e3o:<\/p>\n<p>Especifica\u00e7\u00f5es:<\/p>\n<p>Di\u00e2metro C\u00e2mera: 5.5 Mil\u00edmetros<br \/>\nComprimento Da Sonda: 5m<br \/>\nResolu\u00e7\u00e3o: 640x480p<br \/>\nTaxa De Quadros: 30fps<br \/>\nPixels: 300k Pixels<br \/>\nAmplo \u00c2ngulo De Vis\u00e3o Visual: 66\u00b0<br \/>\nDist\u00e2ncia Focal: 4cm<br \/>\nFoto Formato: Jpg<br \/>\nFormato De V\u00eddeo: Avi<br \/>\nLuz: 6 LEDs Brancos Ajust\u00e1veis<\/p>\n","protected":false},"featured_media":16025,"template":"","meta":{"_joinchat":[]},"_links":{"self":[{"href":"https:\/\/mistersates-import.com.br\/loja\/wp-json\/wp\/v2\/product\/13048"}],"collection":[{"href":"https:\/\/mistersates-import.com.br\/loja\/wp-json\/wp\/v2\/product"}],"about":[{"href":"https:\/\/mistersates-import.com.br\/loja\/wp-json\/wp\/v2\/types\/product"}],"wp:featuredmedia":[{"embeddable":true,"href":"https:\/\/mistersates-import.com.br\/loja\/wp-json\/wp\/v2\/media\/16025"}],"wp:attachment":[{"href":"https:\/\/mistersates-import.com.br\/loja\/wp-json\/wp\/v2\/media?parent=13048"}],"curies":[{"name":"wp","href":"https:\/\/api.w.org\/{rel}","templated":true}]}}