{"id":13059,"date":"2021-06-26T13:13:17","date_gmt":"2021-06-26T16:13:17","guid":{"rendered":"https:\/\/mistersates-import.com.br\/loja\/?post_type=product&#038;p=13059"},"modified":"2026-03-30T16:09:11","modified_gmt":"2026-03-30T19:09:11","slug":"tripe-flexivel-articulado-suporte-celular-selfie-colorido","status":"publish","type":"product","link":"https:\/\/mistersates-import.com.br\/loja\/product\/tripe-flexivel-articulado-suporte-celular-selfie-colorido\/","title":{"rendered":"Trip\u00e9 Flex\u00edvel Articulado Suporte Celular Selfie COLORIDO"},"content":{"rendered":"<p>Mini trip\u00e9 Flex\u00edvel Agarra em Tudo, para C\u00e2meras e Celulares Universal Octopos<br \/>\nAo contr\u00e1rio dos trip\u00e9s tradicionais, este mini trip\u00e9 garante a voc\u00ea mobilidade, seguran\u00e7a e flexibilidade, podendo ser ajustado rapidamente em qualquer lugar.<\/p>\n<p>INFORMA\u00c7\u00d5ES T\u00c9CNICAS:<\/p>\n<p>&#8211; Alta flexibilidade;<br \/>\n&#8211; Feito em pl\u00e1stico r\u00edgido;<br \/>\n&#8211; P\u00e9s de liga\u00e7\u00e3o com almofadas;<br \/>\n&#8211; Parafusos de fixa\u00e7\u00e3o universal, compat\u00edvel com a maioria dos tamanhos de c\u00e2meras atuais;<br \/>\n&#8211; Permite ser para n\u00edvel em superf\u00edcies irregulares;<br \/>\n&#8211; Compat\u00edvel com smartphone (suporte inclu\u00eddo);<br \/>\n&#8211; Cada perna possu\u00ed oito bolas e soquete de articula\u00e7\u00f5es, chegando a at\u00e9 360\u00b0 de rota\u00e7\u00e3o;<br \/>\n&#8211; Possu\u00ed an\u00e9is emborrachados em cada soquete, proporciona mais ader\u00eancia quando preso em superf\u00edcies lisas;<\/p>\n<p>CARACTER\u00cdSTICAS:<\/p>\n<p>&#8211; Produto ultra-leve<br \/>\n&#8211; Flexibilidade completa<br \/>\n&#8211; Carregamento m\u00e1ximo: 1 Kg<br \/>\n&#8211; Medidas:<br \/>\n17cm Comprimento<br \/>\n25cm Abertura<\/p>\n<p>ITENS INCLUSOS:<\/p>\n<p>&#8211; 1 Mini Trip\u00e9 Flex\u00edvel<\/p>\n<p>&#8211; 1 Adaptador para Celular<\/p>\n","protected":false},"excerpt":{"rendered":"<p>Mini trip\u00e9 Flex\u00edvel Agarra em Tudo, para C\u00e2meras e Celulares Universal Octopos<br \/>\nAo contr\u00e1rio dos trip\u00e9s tradicionais, este mini trip\u00e9 garante a voc\u00ea mobilidade, seguran\u00e7a e flexibilidade, podendo ser ajustado rapidamente em qualquer lugar.<\/p>\n<p>INFORMA\u00c7\u00d5ES T\u00c9CNICAS:<\/p>\n<p>&#8211; Alta flexibilidade;<br \/>\n&#8211; Feito em pl\u00e1stico r\u00edgido;<br \/>\n&#8211; P\u00e9s de liga\u00e7\u00e3o com almofadas;<br \/>\n&#8211; Parafusos de fixa\u00e7\u00e3o universal, compat\u00edvel com a maioria dos tamanhos de c\u00e2meras atuais;<br \/>\n&#8211; Permite ser para n\u00edvel em superf\u00edcies irregulares;<br \/>\n&#8211; Compat\u00edvel com smartphone (suporte inclu\u00eddo);<br \/>\n&#8211; Cada perna possu\u00ed oito bolas e soquete de articula\u00e7\u00f5es, chegando a at\u00e9 360\u00b0 de rota\u00e7\u00e3o;<br \/>\n&#8211; Possu\u00ed an\u00e9is emborrachados em cada soquete, proporciona mais ader\u00eancia quando preso em superf\u00edcies lisas;<\/p>\n","protected":false},"featured_media":13071,"template":"","meta":{"_joinchat":[]},"_links":{"self":[{"href":"https:\/\/mistersates-import.com.br\/loja\/wp-json\/wp\/v2\/product\/13059"}],"collection":[{"href":"https:\/\/mistersates-import.com.br\/loja\/wp-json\/wp\/v2\/product"}],"about":[{"href":"https:\/\/mistersates-import.com.br\/loja\/wp-json\/wp\/v2\/types\/product"}],"wp:featuredmedia":[{"embeddable":true,"href":"https:\/\/mistersates-import.com.br\/loja\/wp-json\/wp\/v2\/media\/13071"}],"wp:attachment":[{"href":"https:\/\/mistersates-import.com.br\/loja\/wp-json\/wp\/v2\/media?parent=13059"}],"curies":[{"name":"wp","href":"https:\/\/api.w.org\/{rel}","templated":true}]}}