{"id":13098,"date":"2021-06-26T20:46:10","date_gmt":"2021-06-26T23:46:10","guid":{"rendered":"https:\/\/mistersates-import.com.br\/loja\/?post_type=product&#038;p=13098"},"modified":"2025-02-03T18:08:27","modified_gmt":"2025-02-03T21:08:27","slug":"controle-remoto-de-ott-box-android-tv-smart-box-mx9-netflix","status":"publish","type":"product","link":"https:\/\/mistersates-import.com.br\/loja\/product\/controle-remoto-de-ott-box-android-tv-smart-box-mx9-netflix\/","title":{"rendered":"Controle Remoto De Ott Box Android Tv Smart Box Mx9 Netflix"},"content":{"rendered":"<p>Controle Remoto Para Tv Box Mxq Pro Mx9 4K H96 Pro Plus X96 X96 Mini T95M T95N Tx2 Tx9 E V\u00e1rios Outros Tv Box ORIGINAL.<\/p>\n<p>Aten\u00e7\u00e3o<br \/>\nProduto testado antes do envio, teste de bot\u00f5es e dist\u00e2ncia.<br \/>\nModelo: Controle Remoto<\/p>\n<p>Comunica\u00e7\u00e3o sem fio: IR<\/p>\n<p>Material: ABS<\/p>\n<p>Cor: Preto<\/p>\n<p>Frequ\u00eancia: 433 MHz<\/p>\n<p>A Dist\u00e2ncia de transmiss\u00e3o: 5 m<\/p>\n<p>Caracter\u00edsticas:<\/p>\n<p>-Este \u00e9 um avan\u00e7ado controle remoto.<br \/>\n-Esta \u00e9 uma alternativa de controle remoto que cobre todas as caracter\u00edsticas do controle remoto original.<br \/>\n-N\u00e3o \u00e9 necess\u00e1rio programa\u00e7\u00e3o-basta instalar a bateria.<br \/>\n-Se sentir confort\u00e1vel e f\u00e1cil de usar.<br \/>\n-O design elegante<\/p>\n","protected":false},"excerpt":{"rendered":"<p>Controle Remoto Para Tv Box Mxq Pro Mx9 4K H96 Pro Plus X96 X96 Mini T95M T95N Tx2 Tx9 E V\u00e1rios Outros Tv Box ORIGINAL.<\/p>\n<p>Aten\u00e7\u00e3o<br \/>\nProduto testado antes do envio, teste de bot\u00f5es e dist\u00e2ncia.<br \/>\nModelo: Controle Remoto<\/p>\n<p>Comunica\u00e7\u00e3o sem fio: IR<\/p>\n<p>Material: ABS<\/p>\n<p>Cor: Preto<\/p>\n<p>Frequ\u00eancia: 433 MHz<\/p>\n<p>A Dist\u00e2ncia de transmiss\u00e3o: 5 m<\/p>\n","protected":false},"featured_media":13099,"template":"","meta":{"_joinchat":[]},"_links":{"self":[{"href":"https:\/\/mistersates-import.com.br\/loja\/wp-json\/wp\/v2\/product\/13098"}],"collection":[{"href":"https:\/\/mistersates-import.com.br\/loja\/wp-json\/wp\/v2\/product"}],"about":[{"href":"https:\/\/mistersates-import.com.br\/loja\/wp-json\/wp\/v2\/types\/product"}],"wp:featuredmedia":[{"embeddable":true,"href":"https:\/\/mistersates-import.com.br\/loja\/wp-json\/wp\/v2\/media\/13099"}],"wp:attachment":[{"href":"https:\/\/mistersates-import.com.br\/loja\/wp-json\/wp\/v2\/media?parent=13098"}],"curies":[{"name":"wp","href":"https:\/\/api.w.org\/{rel}","templated":true}]}}