{"id":13102,"date":"2021-06-26T21:03:52","date_gmt":"2021-06-27T00:03:52","guid":{"rendered":"https:\/\/mistersates-import.com.br\/loja\/?post_type=product&#038;p=13102"},"modified":"2025-05-28T12:28:38","modified_gmt":"2025-05-28T15:28:38","slug":"receptor-de-audio-bluetooth-adaptador-musica-conector-p2","status":"publish","type":"product","link":"https:\/\/mistersates-import.com.br\/loja\/product\/receptor-de-audio-bluetooth-adaptador-musica-conector-p2\/","title":{"rendered":"Receptor De Audio Bluetooth Adaptador Musica Conector P2"},"content":{"rendered":"<p>Adaptador \u00e1udio estereof\u00f4nico do receptor da m\u00fasica do USB Bluetooth de Shiping para a venda por atacado do alto-falante do PC de IPhone\/Ipad\/Ipod\/Andriod\/de varejo livres<\/p>\n<p>Caracter\u00edsticas:<\/p>\n<p>Deixe alto-falante ordin\u00e1rios imediatamente transformar-se alto-falantes \u00e1udio estereof\u00f4nicos sem fio da m\u00fasica de Bluetooth<br \/>\nPode ser emparelhado a todos os dispositivos permitidos Bluetooth, tais como o telefone m\u00f3vel, os port\u00e1teis, o alto-falante e do \u00e1udio de Bluetooth o transmissor<br \/>\nFa\u00e7a a m\u00fasica no jogo do equipamento \u00e1udio pelo wireless<br \/>\nInstru\u00e7\u00f5es para o uso:<br \/>\nIntroduza a rela\u00e7\u00e3o do usb o interior do receptor do alto-falante, e a outra extremidade conectada com o cabo do \u00e1udio de 3.5mm ao receptor e a rela\u00e7\u00e3o de LINE-IN dos alto-falante<br \/>\nAbra o telefone m\u00f3vel Bluetooth &#8211; permitido (ou o computador), e procure os dispositivos circunvizinhos de Bluetooth para encontrar que um dispositivo chamado achado dmzmusic seu c\u00f3digo de emparelhamento \u00e9 0000, depois que o emparelhamento \u00e9 bem sucedido, que a luz conduzida retardar\u00e1<br \/>\nEnt\u00e3o voc\u00ea pode selecionar a m\u00fasica atrav\u00e9s de Bluetooth de um telefone de pilha ou o computador, uma grande m\u00fasica jogar\u00e1 do alto-falante<br \/>\nEspecifica\u00e7\u00f5es:<br \/>\nPadr\u00e3o de Bluetooth: Bluetooth V2.0+EDR, sustenta\u00e7\u00e3o A2DP V1.2<br \/>\nFonte de alimenta\u00e7\u00e3o: USB 5V<br \/>\nSa\u00edda: rela\u00e7\u00e3o \u00e1udio de 3.5mm<br \/>\nDist\u00e2ncia: 5-10 medidores<br \/>\nTaxa de sa\u00edda sadia: 44.1KHZ e 48KHZ<br \/>\nPeso total: 15g<br \/>\nTamanho: 55mm*20 mm*10mm<\/p>\n","protected":false},"excerpt":{"rendered":"<p>Adaptador \u00e1udio estereof\u00f4nico do receptor da m\u00fasica do USB Bluetooth de Shiping para a venda por atacado do alto-falante do PC de IPhone\/Ipad\/Ipod\/Andriod\/de varejo livres<\/p>\n<p>Caracter\u00edsticas:<\/p>\n<p>Deixe alto-falante ordin\u00e1rios imediatamente transformar-se alto-falantes \u00e1udio estereof\u00f4nicos sem fio da m\u00fasica de Bluetooth<br \/>\nPode ser emparelhado a todos os dispositivos permitidos Bluetooth, tais como o telefone m\u00f3vel, os port\u00e1teis, o alto-falante e do \u00e1udio de Bluetooth o transmissor<br \/>\nFa\u00e7a a m\u00fasica no jogo do equipamento \u00e1udio pelo wireless<br \/>\nInstru\u00e7\u00f5es para o uso:<br \/>\nIntroduza a rela\u00e7\u00e3o do usb o interior do receptor do alto-falante, e a outra extremidade conectada com o cabo do \u00e1udio de 3.5mm ao receptor e a rela\u00e7\u00e3o de LINE-IN dos alto-falante<br \/>\nAbra o telefone m\u00f3vel Bluetooth &#8211; permitido (ou o computador), e procure os dispositivos circunvizinhos de Bluetooth para encontrar que um dispositivo chamado achado dmzmusic seu c\u00f3digo de emparelhamento \u00e9 0000, depois que o emparelhamento \u00e9 bem sucedido, que a luz conduzida retardar\u00e1<br \/>\nEnt\u00e3o voc\u00ea pode selecionar a m\u00fasica atrav\u00e9s de Bluetooth de um telefone de pilha ou o computador, uma grande m\u00fasica jogar\u00e1 do alto-falante<br \/>\nEspecifica\u00e7\u00f5es:<br \/>\nPadr\u00e3o de Bluetooth: Bluetooth V2.0+EDR, sustenta\u00e7\u00e3o A2DP V1.2<br \/>\nFonte de alimenta\u00e7\u00e3o: USB 5V<br \/>\nSa\u00edda: rela\u00e7\u00e3o \u00e1udio de 3.5mm<br \/>\nDist\u00e2ncia: 5-10 medidores<br \/>\nTaxa de sa\u00edda sadia: 44.1KHZ e 48KHZ<br \/>\nPeso total: 15g<br \/>\nTamanho: 55mm*20 mm*10mm<\/p>\n","protected":false},"featured_media":13103,"template":"","meta":{"_joinchat":[]},"_links":{"self":[{"href":"https:\/\/mistersates-import.com.br\/loja\/wp-json\/wp\/v2\/product\/13102"}],"collection":[{"href":"https:\/\/mistersates-import.com.br\/loja\/wp-json\/wp\/v2\/product"}],"about":[{"href":"https:\/\/mistersates-import.com.br\/loja\/wp-json\/wp\/v2\/types\/product"}],"wp:featuredmedia":[{"embeddable":true,"href":"https:\/\/mistersates-import.com.br\/loja\/wp-json\/wp\/v2\/media\/13103"}],"wp:attachment":[{"href":"https:\/\/mistersates-import.com.br\/loja\/wp-json\/wp\/v2\/media?parent=13102"}],"curies":[{"name":"wp","href":"https:\/\/api.w.org\/{rel}","templated":true}]}}