{"id":13117,"date":"2021-06-26T21:20:39","date_gmt":"2021-06-27T00:20:39","guid":{"rendered":"https:\/\/mistersates-import.com.br\/loja\/?post_type=product&#038;p=13117"},"modified":"2024-08-12T15:47:05","modified_gmt":"2024-08-12T18:47:05","slug":"analogico-3d-ps4-direcional-controle-playstation-4-modelo-novo-alps-valor-da-unidade","status":"publish","type":"product","link":"https:\/\/mistersates-import.com.br\/loja\/product\/analogico-3d-ps4-direcional-controle-playstation-4-modelo-novo-alps-valor-da-unidade\/","title":{"rendered":"Anal\u00f3gico 3d Ps4 Direcional Controle Playstation 4 modelo novo &#8211; Alps Valor da Unidade"},"content":{"rendered":"<p>Original de 3 Pinos M\u00f3dulo do Sensor Potenci\u00f4metro ALPS Anal\u00f3gico 3D Vara Para Sony PS4 Dualshock 4 PS3 Controlador Original<br \/>\ndescri\u00e7\u00e3o do artigo:<br \/>\neste M\u00f3dulo \u00e9 utilizado para a fixa\u00e7\u00e3o de seu controlador 3D Sensor Anal\u00f3gico.<br \/>\nSubstitui\u00e7\u00e3o interruptor de analogia<br \/>\ndireto de substitui\u00e7\u00e3o de alta qualidade para PS4 controlador PS3<br \/>\ninterruptor de substitui\u00e7\u00e3o se a sua analogia \u00e9 quebrado ou n\u00e3o-responsivo<br \/>\nModelo compat\u00edvel: para o controlador PS4 tamb\u00e9m para o Controlador PS3<\/p>\n<p>Nova substitui\u00e7\u00e3o 3d m\u00f3dulo de sensor vara anal\u00f3gica polegar vara para ps4 gamepad dualshock 4 xbox repara\u00e7\u00e3o um controlador sem fio<\/p>\n<p>Caracter\u00edsticas:<br \/>\nM\u00f3dulo Sensor anal\u00f3gico<br \/>\n\u00d3timo substituto para o seu eixo danificado ou n\u00e3o-trabalho do joystick 3d<br \/>\nFar\u00e1 com que seu controlador trabalhe normalmente novamente.<br \/>\nA instala\u00e7\u00e3o profissional \u00e9 altamente recomendada, instru\u00e7\u00e3o ou ferramenta n\u00e3o est\u00e1 inclu\u00edda.<\/p>\n<p>Detalhes do produto:<br \/>\n100% brand new<br \/>\nTipo: pe\u00e7as de Reparo<br \/>\nCor: Verde<br \/>\nTamanho: aprox. 21x21x18mm<br \/>\nMaterial: metal e pl\u00e1stico<br \/>\nPeso: aproximadamente 3g<br \/>\nCompat\u00edvel com: xbox um ps4<\/p>\n<p>Pacote inclu\u00eddo: 01 un<\/p>\n","protected":false},"excerpt":{"rendered":"<p>Original de 3 Pinos M\u00f3dulo do Sensor Potenci\u00f4metro ALPS Anal\u00f3gico 3D Vara Para Sony PS4 Dualshock 4 PS3 Controlador Original<br \/>\ndescri\u00e7\u00e3o do artigo:<br \/>\neste M\u00f3dulo \u00e9 utilizado para a fixa\u00e7\u00e3o de seu controlador 3D Sensor Anal\u00f3gico.<br \/>\nSubstitui\u00e7\u00e3o interruptor de analogia<br \/>\ndireto de substitui\u00e7\u00e3o de alta qualidade para PS4 controlador PS3<br \/>\ninterruptor de substitui\u00e7\u00e3o se a sua analogia \u00e9 quebrado ou n\u00e3o-responsivo<br \/>\nModelo compat\u00edvel: para o controlador PS4 tamb\u00e9m para o Controlador PS3<\/p>\n<p>Nova substitui\u00e7\u00e3o 3d m\u00f3dulo de sensor vara anal\u00f3gica polegar vara para ps4 gamepad dualshock 4 xbox repara\u00e7\u00e3o um controlador sem fio<\/p>\n","protected":false},"featured_media":15808,"template":"","meta":{"_joinchat":[]},"_links":{"self":[{"href":"https:\/\/mistersates-import.com.br\/loja\/wp-json\/wp\/v2\/product\/13117"}],"collection":[{"href":"https:\/\/mistersates-import.com.br\/loja\/wp-json\/wp\/v2\/product"}],"about":[{"href":"https:\/\/mistersates-import.com.br\/loja\/wp-json\/wp\/v2\/types\/product"}],"wp:featuredmedia":[{"embeddable":true,"href":"https:\/\/mistersates-import.com.br\/loja\/wp-json\/wp\/v2\/media\/15808"}],"wp:attachment":[{"href":"https:\/\/mistersates-import.com.br\/loja\/wp-json\/wp\/v2\/media?parent=13117"}],"curies":[{"name":"wp","href":"https:\/\/api.w.org\/{rel}","templated":true}]}}