{"id":13124,"date":"2021-06-26T21:29:29","date_gmt":"2021-06-27T00:29:29","guid":{"rendered":"https:\/\/mistersates-import.com.br\/loja\/?post_type=product&#038;p=13124"},"modified":"2024-12-20T18:54:24","modified_gmt":"2024-12-20T21:54:24","slug":"mini-teclado-wireless-touch-pad-pc-android-tv-smart-com-led","status":"publish","type":"product","link":"https:\/\/mistersates-import.com.br\/loja\/product\/mini-teclado-wireless-touch-pad-pc-android-tv-smart-com-led\/","title":{"rendered":"Mini Teclado Wireless Touch Pad Pc Android Tv Smart COM LED"},"content":{"rendered":"<p>Mini Teclado Led Sem fio<\/p>\n<p>Este mini teclado tamb\u00e9m tem a fun\u00e7\u00e3o mouse, que facilita muito o uso de Smart TV, TV Box, Video Games, e muito mais.<\/p>\n<p>Voc\u00ea conseguira controlar a seta do mouse nos seus equipamentos e ainda facilitar\u00e1 muito a sua digita\u00e7\u00e3o.<\/p>\n<p>Ele pode ser usado a noite com as luzes apagadas pois possui leds que acendem e podem ficar em 3 cores diferentes como nas fotos acima, facilitando a visualiza\u00e7\u00e3o das teclas e ainda tem a op\u00e7\u00e3o de desligar os Leds.<\/p>\n<p>Usando ele nos em Sua TV Box, Smart TV ou Video Game voc\u00ea conseguira, navegar de forma muito melhor nos conte\u00fados dispon\u00edveis.<\/p>\n<p>Itens Inclusos:<\/p>\n<p>1 Mini Teclado sem fio<br \/>\n1 Adaptador Bluetooth<br \/>\n1 Manual<br \/>\n1 Bateria Recarreg\u00e1vel<br \/>\n1 Cabo USB\/Micro USB<\/p>\n","protected":false},"excerpt":{"rendered":"<p>Mini Teclado Led Sem fio<\/p>\n<p>Este mini teclado tamb\u00e9m tem a fun\u00e7\u00e3o mouse, que facilita muito o uso de Smart TV, TV Box, Video Games, e muito mais.<\/p>\n<p>Voc\u00ea conseguira controlar a seta do mouse nos seus equipamentos e ainda facilitar\u00e1 muito a sua digita\u00e7\u00e3o.<\/p>\n<p>Ele pode ser usado a noite com as luzes apagadas pois possui leds que acendem e podem ficar em 3 cores diferentes como nas fotos acima, facilitando a visualiza\u00e7\u00e3o das teclas e ainda tem a op\u00e7\u00e3o de desligar os Leds.<\/p>\n<p>Usando ele nos em Sua TV Box, Smart TV ou Video Game voc\u00ea conseguira, navegar de forma muito melhor nos conte\u00fados dispon\u00edveis.<\/p>\n","protected":false},"featured_media":13125,"template":"","meta":{"_joinchat":[]},"_links":{"self":[{"href":"https:\/\/mistersates-import.com.br\/loja\/wp-json\/wp\/v2\/product\/13124"}],"collection":[{"href":"https:\/\/mistersates-import.com.br\/loja\/wp-json\/wp\/v2\/product"}],"about":[{"href":"https:\/\/mistersates-import.com.br\/loja\/wp-json\/wp\/v2\/types\/product"}],"wp:featuredmedia":[{"embeddable":true,"href":"https:\/\/mistersates-import.com.br\/loja\/wp-json\/wp\/v2\/media\/13125"}],"wp:attachment":[{"href":"https:\/\/mistersates-import.com.br\/loja\/wp-json\/wp\/v2\/media?parent=13124"}],"curies":[{"name":"wp","href":"https:\/\/api.w.org\/{rel}","templated":true}]}}