{"id":13138,"date":"2021-06-26T22:29:06","date_gmt":"2021-06-27T01:29:06","guid":{"rendered":"https:\/\/mistersates-import.com.br\/loja\/?post_type=product&#038;p=13138"},"modified":"2025-03-15T21:12:08","modified_gmt":"2025-03-16T00:12:08","slug":"receptor-bluetooth-p2-auxilar-carro-som-audio-android-musica","status":"publish","type":"product","link":"https:\/\/mistersates-import.com.br\/loja\/product\/receptor-bluetooth-p2-auxilar-carro-som-audio-android-musica\/","title":{"rendered":"Receptor Bluetooth P2 Auxilar Carro Som Audio Android Musica"},"content":{"rendered":"<p>Caracter\u00edsticas:<\/p>\n<p>Com design compacto e port\u00e1til<br \/>\nBluetooth V 3.0 + EDR<br \/>\nSuporta A2DP<br \/>\nConector 3.5mm<br \/>\nModo de suspens\u00e3o para economia de energia<br \/>\nReceptor de m\u00fasica sem fio se conecta em qualquer entrada 3.5mm (fone de ouvido)<br \/>\nUso com home\/alto-falantes. carro, fones de ouvido etc<br \/>\nUm toque no bot\u00e3o para conectar e realizar o emparelhamento do dispositivo<\/p>\n<p>Especifica\u00e7\u00f5es:<br \/>\nCor: Preto<br \/>\nPeso l\u00edquido: 40g<br \/>\nTamanho: Approx.5.5cmx2.5cmx1cm<\/p>\n<p>O pacote Inclui:<br \/>\n1 x Bluetooth music receiver<br \/>\n1x 3.5mm Conector<br \/>\n1 x Cabo USB<\/p>\n<p>\u2022 Pode se conectar a qualquer entrada de \u00e1udio est\u00e9reo dispositivo. Agora voc\u00ea pode ouvir a m\u00fasica do seu telefone, laptop ou iPod sem a necessidade de cabos. Ele pode se conectar a casa sistemas a\/V, aparelhos de som dom\u00e9sticos, fone de ouvido, alto-falantes do autom\u00f3vel ou motocicleta, barcos, RVs e muito mais.<br \/>\n\u2022 Trabalhar com aparelhos de som, alto-falantes, aparelhos de som de carro, fones de ouvido etc.<br \/>\n\u2022 Sem fio Bluetooth \u00c1udio M\u00fasica Receptor tem 3,5 mm fones de ouvido.<br \/>\nUm toque bot\u00e3o conectar para f\u00e1cil emparelhamento do dispositivo.<br \/>\n\u2022 Conex\u00f5es multiponto apoio: pode conectar dois dispositivos Bluetooth ao mesmo tempo<br \/>\n\u2022 Mais de dist\u00e2ncia de recep\u00e7\u00e3o comprimento, pode chegar a mais de 10 m em espa\u00e7o aberto, sem obst\u00e1culos<br \/>\n\u2022 Com 3,5 mm de \u00e1udio conector para conectar os alto-falantes e receptores<br \/>\nModo de suspens\u00e3o para economizar energia.<\/p>\n<p>Como us\u00e1-lo \/ Emparelhamento:<br \/>\n\u2022 1. Abra a fun\u00e7\u00e3o Bluetooth do dispositivo m\u00f3vel, como iPad, IPhone e outros dispositivos habilitados para Bluetooth, procure o dispositivo e conecte-o<br \/>\n\u2022 2. Depois do emparelhamento, pressione e segure o bot\u00e3o ON\/OFF para 5 segundos at\u00e9 que o azul e vermelho luz indicadora LED piscam alternadamente<br \/>\n\u2022 3. Descobrir o Bluetooth Transmissor de \u00e1udio receptor de m\u00fasica do seu telefone ou parente<br \/>\n\u2022 4. No momento, os dois dispositivos emparelhados e conectar uns com os outros (digite o c\u00f3digo: 0000, Se necess\u00e1rio). Depois de conectado com sucesso, a luz indicadora LED fica azul e flash lentamente. E ele pode reproduzir m\u00fasica sem fios imediatamente.<br \/>\n\u2022 5. Uma vez emparelhado com \u00eaxito, voc\u00ea pode desligar o dispositivo, e Voc\u00ea n\u00e3o tem nenhuma necessidade emparelh\u00e1-los quando ligar este item seguinte Tempo<\/p>\n","protected":false},"excerpt":{"rendered":"<p>Caracter\u00edsticas:<\/p>\n<p>Com design compacto e port\u00e1til<br \/>\nBluetooth V 3.0 + EDR<br \/>\nSuporta A2DP<br \/>\nConector 3.5mm<br \/>\nModo de suspens\u00e3o para economia de energia<br \/>\nReceptor de m\u00fasica sem fio se conecta em qualquer entrada 3.5mm (fone de ouvido)<br \/>\nUso com home\/alto-falantes. carro, fones de ouvido etc<br \/>\nUm toque no bot\u00e3o para conectar e realizar o emparelhamento do dispositivo<\/p>\n<p>Especifica\u00e7\u00f5es:<br \/>\nCor: Preto<br \/>\nPeso l\u00edquido: 40g<br \/>\nTamanho: Approx.5.5cmx2.5cmx1cm<\/p>\n","protected":false},"featured_media":13141,"template":"","meta":{"_joinchat":[]},"_links":{"self":[{"href":"https:\/\/mistersates-import.com.br\/loja\/wp-json\/wp\/v2\/product\/13138"}],"collection":[{"href":"https:\/\/mistersates-import.com.br\/loja\/wp-json\/wp\/v2\/product"}],"about":[{"href":"https:\/\/mistersates-import.com.br\/loja\/wp-json\/wp\/v2\/types\/product"}],"wp:featuredmedia":[{"embeddable":true,"href":"https:\/\/mistersates-import.com.br\/loja\/wp-json\/wp\/v2\/media\/13141"}],"wp:attachment":[{"href":"https:\/\/mistersates-import.com.br\/loja\/wp-json\/wp\/v2\/media?parent=13138"}],"curies":[{"name":"wp","href":"https:\/\/api.w.org\/{rel}","templated":true}]}}