{"id":13145,"date":"2021-06-26T22:48:11","date_gmt":"2021-06-27T01:48:11","guid":{"rendered":"https:\/\/mistersates-import.com.br\/loja\/?post_type=product&#038;p=13145"},"modified":"2024-03-15T18:26:29","modified_gmt":"2024-03-15T21:26:29","slug":"fonte-estabilizada-para-cftv-fita-de-led-receptor-de-tv-12v-2a","status":"publish","type":"product","link":"https:\/\/mistersates-import.com.br\/loja\/product\/fonte-estabilizada-para-cftv-fita-de-led-receptor-de-tv-12v-2a\/","title":{"rendered":"Fonte Estabilizada Para Cftv, Fita de Led,  Receptor De Tv 12v 2a"},"content":{"rendered":"<p><strong>TRABALHAMOS COM 02 (DOIS) MODELOS CONFORME MOSTRADO NA FOTOS. SER\u00c1 ENVIADO A QUE ESTIVER DISPON\u00cdVEL EM NOSSO ESTOQUE. (TODAS DE \u00d3TIMA QUALIDADES)<\/strong><\/p>\n<p>Fonte de alimenta\u00e7\u00e3o 12V 2.0 amper indicada para alimenta\u00e7\u00e3o de c\u00e2meras de seguran\u00e7a.<br \/>\nPode ser usada em qualquer sistema de seguran\u00e7a para alimentar: micro c\u00e2meras, c\u00e2meras profissionais, c\u00e2meras com infravermelho, etc.<\/p>\n<p>Especifica\u00e7\u00f5es;<\/p>\n<p>&#8211; Voltagem de entrada: 110\/220V ;<br \/>\n&#8211; Voltagem de sa\u00edda: 12v;<br \/>\n&#8211; Amperagem: 2 Amper;<br \/>\n&#8211; Conector: Plug P4 macho;<\/p>\n","protected":false},"excerpt":{"rendered":"<p><strong>TRABALHAMOS COM 02 (DOIS) MODELOS CONFORME MOSTRADO NA FOTOS. SER\u00c1 ENVIADO A QUE ESTIVER DISPON\u00cdVEL EM NOSSO ESTOQUE. (TODAS DE \u00d3TIMA QUALIDADES)<\/strong><\/p>\n<p>Fonte de alimenta\u00e7\u00e3o 12V 2.0 amper indicada para alimenta\u00e7\u00e3o de c\u00e2meras de seguran\u00e7a.<br \/>\nPode ser usada em qualquer sistema de seguran\u00e7a para alimentar: micro c\u00e2meras, c\u00e2meras profissionais, c\u00e2meras com infravermelho, etc.<\/p>\n<p>Especifica\u00e7\u00f5es;<\/p>\n<p>&#8211; Voltagem de entrada: 110\/220V ;<br \/>\n&#8211; Voltagem de sa\u00edda: 12v;<br \/>\n&#8211; Amperagem: 2 Amper;<br \/>\n&#8211; Conector: Plug P4 macho;<\/p>\n","protected":false},"featured_media":13146,"template":"","meta":{"_joinchat":[]},"_links":{"self":[{"href":"https:\/\/mistersates-import.com.br\/loja\/wp-json\/wp\/v2\/product\/13145"}],"collection":[{"href":"https:\/\/mistersates-import.com.br\/loja\/wp-json\/wp\/v2\/product"}],"about":[{"href":"https:\/\/mistersates-import.com.br\/loja\/wp-json\/wp\/v2\/types\/product"}],"wp:featuredmedia":[{"embeddable":true,"href":"https:\/\/mistersates-import.com.br\/loja\/wp-json\/wp\/v2\/media\/13146"}],"wp:attachment":[{"href":"https:\/\/mistersates-import.com.br\/loja\/wp-json\/wp\/v2\/media?parent=13145"}],"curies":[{"name":"wp","href":"https:\/\/api.w.org\/{rel}","templated":true}]}}