{"id":13178,"date":"2021-06-27T01:34:59","date_gmt":"2021-06-27T04:34:59","guid":{"rendered":"https:\/\/mistersates-import.com.br\/loja\/?post_type=product&#038;p=13178"},"modified":"2024-03-15T18:28:08","modified_gmt":"2024-03-15T21:28:08","slug":"mini-caixa-caixinha-som-portatil-bluetooth-mp3-fm-sd-usb-hi","status":"publish","type":"product","link":"https:\/\/mistersates-import.com.br\/loja\/product\/mini-caixa-caixinha-som-portatil-bluetooth-mp3-fm-sd-usb-hi\/","title":{"rendered":"Mini Caixa Caixinha Som Port\u00e1til Bluetooth Mp3 Fm Sd Usb Hi"},"content":{"rendered":"<p>Descri\u00e7\u00e3o:<\/p>\n<p>MINI CAIXINHA DE SOM BLUETOOTH COM ENTRADA PARA PEN DRIVE , CART\u00c3O MICRO SD, CABO AUXILIAR E R\u00c1DIO.<\/p>\n<p>Leve, pr\u00e1tica e extremamente potente, voc\u00ea vai se impressionar com esta caixinha incr\u00edvel, essa caixinha hoje \u00e9 febre em todo mundo!<br \/>\n* Ideal para PC, Notebooks, Smartphone, Tablet , TVs, MP 3 e MP 4 Bateria Interna com excelente Autonomia Dura\u00e7\u00e3o de bateria (5 a 6hr ) e Port\u00e1til pois possui al\u00e7a de transporte.<\/p>\n<p>Caracter\u00edsticas<br \/>\n&#8211; Compat\u00edvel com todos os dispositivos BLUETOOTH: Todos Iphones, Ipads, Tablets, Smartphones, Androids, Windows, Celulares, Notebooks, Adaptadores USB, etc&#8230;<br \/>\n&#8211; Produto port\u00e1til com som de 5 WATTS RMS<br \/>\n&#8211; Radio FM<br \/>\n&#8211; Entrada para microfone, para falar no celular pela caixa de som, via bluethooth<br \/>\n&#8211; Atende e encerra chamadas telef\u00f4nicas, Faz liga\u00e7\u00e3o p\/ \u00faltimo n\u00famero<br \/>\n&#8211; 5 W RMS de pot\u00eancia, mais que o dobro das outras<br \/>\n&#8211; Controle de volume<br \/>\n&#8211; Reproduz MP3 atrav\u00e9s de micro SD e Pen drive<br \/>\n&#8211; Troca de m\u00fasicas pela caixa de som<br \/>\n&#8211; Entrada line in para reprodu\u00e7\u00e3o via cabo<br \/>\n&#8211; Bateria recarreg\u00e1vel embutida<br \/>\n&#8211; Perfeito para uso em tr\u00e2nsito, viagens, casa, f\u00e9rias, campo, em toda a parte.<\/p>\n<p>Especifica\u00e7\u00f5es do produto:<br \/>\n-Tens\u00e3o de Sa\u00edda: 3W*1<br \/>\n-SNR: &gt;_85db<br \/>\n-Dist\u00e2ncia de alcance: 10m<br \/>\n-Capacidade da bateria: 500mAh<br \/>\n-Controlador de Caixa de Som: 52mm*1<br \/>\n-Resposta de Frequ\u00eancia: 120HZ-20KHZ<br \/>\n-Tamanho: 65x65x73mm<br \/>\n-Carga: 5V\/500MA<\/p>\n<p>Conte\u00fado da embalagem:<br \/>\n&#8211; 01 Caixa de Som Bluetooth<br \/>\n&#8211; 01 Cabo USB x Micro USB V8<\/p>\n","protected":false},"excerpt":{"rendered":"<p>Mini Caixa Caixinha Som Port\u00e1til Bluetooth Mp3 Fm Sd Usb Hi<\/p>\n<p>Mini Caixa De Som Speaker Ws-887 Com Bluetooth, Fm, Entrada Micro Sd E Auxiliar.<br \/>\nSurpreenda Com A Qualidade De Som!<\/p>\n","protected":false},"featured_media":13194,"template":"","meta":{"_joinchat":[]},"_links":{"self":[{"href":"https:\/\/mistersates-import.com.br\/loja\/wp-json\/wp\/v2\/product\/13178"}],"collection":[{"href":"https:\/\/mistersates-import.com.br\/loja\/wp-json\/wp\/v2\/product"}],"about":[{"href":"https:\/\/mistersates-import.com.br\/loja\/wp-json\/wp\/v2\/types\/product"}],"wp:featuredmedia":[{"embeddable":true,"href":"https:\/\/mistersates-import.com.br\/loja\/wp-json\/wp\/v2\/media\/13194"}],"wp:attachment":[{"href":"https:\/\/mistersates-import.com.br\/loja\/wp-json\/wp\/v2\/media?parent=13178"}],"curies":[{"name":"wp","href":"https:\/\/api.w.org\/{rel}","templated":true}]}}