{"id":13205,"date":"2021-06-27T02:01:33","date_gmt":"2021-06-27T05:01:33","guid":{"rendered":"https:\/\/mistersates-import.com.br\/loja\/?post_type=product&#038;p=13205"},"modified":"2025-10-27T11:45:44","modified_gmt":"2025-10-27T14:45:44","slug":"protetor-tampa-protecao-lentes-gopro-go-pro-hero-5-6-e-7","status":"publish","type":"product","link":"https:\/\/mistersates-import.com.br\/loja\/product\/protetor-tampa-protecao-lentes-gopro-go-pro-hero-5-6-e-7\/","title":{"rendered":"Protetor Tampa Prote\u00e7\u00e3o Lentes Gopro Go Pro Hero 5, 6 E 7"},"content":{"rendered":"<p>Principais caracter\u00edsticas:<\/p>\n<p>Tampa da lente Se<br \/>\nencaixa para a c\u00e2mera de a\u00e7\u00e3o GoPro HERO5<br \/>\nFornece prote\u00e7\u00e3o para sua cam<br \/>\nEspecifica\u00e7\u00e3o<br \/>\nGeral<\/p>\n<p>Marca: TELESIN<\/p>\n<p>Tipo de acess\u00f3rio: Tampa da lente<br \/>\nAplicar \u00e0 marca: Gopro<br \/>\nCompat\u00edvel com: GoPro Hero 5<br \/>\nDimens\u00e3o e Peso<\/p>\n<p>Tamanho da embalagem (L x L x A): 13,00 x 8,50 x 1,80 cm \/ 5,12 x 3,35 x 0,71 polegadas<br \/>\nPeso da embalagem: 0,0150 kg<br \/>\nTamanho do produto (L x L x A): 3,50 x 3,00 x 0,80 cm \/ 1,38 x 1,18 x 0,31 polegadas<br \/>\nPeso do produto: 0.0030 kg<br \/>\nconte\u00fado do pacote<\/p>\n<p>Conte\u00fado do pacote: 1 x tampa da lente<\/p>\n","protected":false},"excerpt":{"rendered":"<p>Principais caracter\u00edsticas:<\/p>\n<p>Tampa da lente Se<br \/>\nencaixa para a c\u00e2mera de a\u00e7\u00e3o GoPro HERO5<br \/>\nFornece prote\u00e7\u00e3o para sua cam<br \/>\nEspecifica\u00e7\u00e3o<br \/>\nGeral<\/p>\n","protected":false},"featured_media":13206,"template":"","meta":{"_joinchat":[]},"_links":{"self":[{"href":"https:\/\/mistersates-import.com.br\/loja\/wp-json\/wp\/v2\/product\/13205"}],"collection":[{"href":"https:\/\/mistersates-import.com.br\/loja\/wp-json\/wp\/v2\/product"}],"about":[{"href":"https:\/\/mistersates-import.com.br\/loja\/wp-json\/wp\/v2\/types\/product"}],"wp:featuredmedia":[{"embeddable":true,"href":"https:\/\/mistersates-import.com.br\/loja\/wp-json\/wp\/v2\/media\/13206"}],"wp:attachment":[{"href":"https:\/\/mistersates-import.com.br\/loja\/wp-json\/wp\/v2\/media?parent=13205"}],"curies":[{"name":"wp","href":"https:\/\/api.w.org\/{rel}","templated":true}]}}