{"id":13210,"date":"2021-06-27T02:09:49","date_gmt":"2021-06-27T05:09:49","guid":{"rendered":"https:\/\/mistersates-import.com.br\/loja\/?post_type=product&#038;p=13210"},"modified":"2024-10-29T16:15:16","modified_gmt":"2024-10-29T19:15:16","slug":"kit-de-suporte-p-micro-retif-afiar-brocas-facas-e-tesouras","status":"publish","type":"product","link":"https:\/\/mistersates-import.com.br\/loja\/product\/kit-de-suporte-p-micro-retif-afiar-brocas-facas-e-tesouras\/","title":{"rendered":"Kit De Suporte P\/ Micro Retif. Afiar Brocas Facas E Tesouras"},"content":{"rendered":"<p>\u2022 Equipamento de ferramenta eletr\u00f4nica<br \/>\n\u2022 Adequado para uso para a fam\u00edlia inteligente<br \/>\n\u2022 Excelente qualidade<\/p>\n<p>Especifica\u00e7\u00e3o<br \/>\nGeral<\/p>\n<p>Aplica\u00e7\u00e3o: Ferramentas El\u00e9tricas<br \/>\nPeso e Dimens\u00e3o<\/p>\n<p>Tamanho da embalagem (L x L x A): 10,00 x 6,00 x 2,50 cm \/ 3,94 x 2,36 x 0,98 polegadas<br \/>\nPeso da embalagem: 0,0220 kg<\/p>\n<p>conte\u00fado do pacote<\/p>\n<p>Conte\u00fado da embalagem: 1 x Adaptador de broca com guia de afiador, 2 x cabe\u00e7a de montagem<\/p>\n","protected":false},"excerpt":{"rendered":"<p>\u2022 Equipamento de ferramenta eletr\u00f4nica<br \/>\n\u2022 Adequado para uso para a fam\u00edlia inteligente<br \/>\n\u2022 Excelente qualidade<\/p>\n<p>Especifica\u00e7\u00e3o<br \/>\nGeral<\/p>\n<p>Aplica\u00e7\u00e3o: Ferramentas El\u00e9tricas<br \/>\nPeso e Dimens\u00e3o<\/p>\n<p>Tamanho da embalagem (L x L x A): 10,00 x 6,00 x 2,50 cm \/ 3,94 x 2,36 x 0,98 polegadas<br \/>\nPeso da embalagem: 0,0220 kg<\/p>\n<p>conte\u00fado do pacote<\/p>\n<p>Conte\u00fado da embalagem: 1 x Adaptador de broca com guia de afiador, 2 x cabe\u00e7a de montagem<\/p>\n","protected":false},"featured_media":13211,"template":"","meta":{"_joinchat":[]},"_links":{"self":[{"href":"https:\/\/mistersates-import.com.br\/loja\/wp-json\/wp\/v2\/product\/13210"}],"collection":[{"href":"https:\/\/mistersates-import.com.br\/loja\/wp-json\/wp\/v2\/product"}],"about":[{"href":"https:\/\/mistersates-import.com.br\/loja\/wp-json\/wp\/v2\/types\/product"}],"wp:featuredmedia":[{"embeddable":true,"href":"https:\/\/mistersates-import.com.br\/loja\/wp-json\/wp\/v2\/media\/13211"}],"wp:attachment":[{"href":"https:\/\/mistersates-import.com.br\/loja\/wp-json\/wp\/v2\/media?parent=13210"}],"curies":[{"name":"wp","href":"https:\/\/api.w.org\/{rel}","templated":true}]}}