{"id":13230,"date":"2021-06-27T03:05:01","date_gmt":"2021-06-27T06:05:01","guid":{"rendered":"https:\/\/mistersates-import.com.br\/loja\/?post_type=product&#038;p=13230"},"modified":"2024-03-15T18:27:26","modified_gmt":"2024-03-15T21:27:26","slug":"lampada-torpedo-39-mm-a","status":"publish","type":"product","link":"https:\/\/mistersates-import.com.br\/loja\/product\/lampada-torpedo-39-mm-a\/","title":{"rendered":"L\u00e2mpada Torpedo 39 mm-A"},"content":{"rendered":"<p>L\u00e2mpada LED Torpedo 39mm 6SMD5050 6 LEDs Branco Luz de Placa e Teto 12V<\/p>\n<p>Modelo Dispon\u00edvel:<\/p>\n<p>\u2022 Torpedo 36mm<\/p>\n<p>Especifica\u00e7\u00e3o T\u00e9cnica:<\/p>\n<p>\u2022 L\u00e2mpadas com LEDs<br \/>\n\u2022 Quantidade de LEDs: 6 Pontos (Por L\u00e2mpada)<br \/>\n\u2022 Carca\u00e7a em Metal<br \/>\n\u2022 Base de Encaixe: Torpedo 36mm<br \/>\n\u2022 Luz Branca<br \/>\n\u2022 Tens\u00e3o de Opera\u00e7\u00e3o: 12V<br \/>\n\u2022 Pot\u00eancia: 1,5W<br \/>\n\u2022 Dura Mais que L\u00e2mpadas Comuns<br \/>\n\u2022 Para Aplica\u00e7\u00e3o na Luz de Teto e Luz de Placa<br \/>\n\u2022 Dimens\u00f5es Aproximadas (CxL): 3,6&#215;1,3cm<\/p>\n<p>Conte\u00fado da Embalagem:<\/p>\n<p>\u2022 01 L\u00e2mpadas LED<\/p>\n","protected":false},"excerpt":{"rendered":"<p>L\u00e2mpada LED Torpedo 39mm 6SMD5050 6 LEDs Branco Luz de Placa e Teto 12V<\/p>\n<p>Modelo Dispon\u00edvel:<\/p>\n<p>\u2022 Torpedo 36mm<\/p>\n<p>Especifica\u00e7\u00e3o T\u00e9cnica:<\/p>\n<p>\u2022 L\u00e2mpadas com LEDs<br \/>\n\u2022 Quantidade de LEDs: 6 Pontos (Por L\u00e2mpada)<br \/>\n\u2022 Carca\u00e7a em Metal<br \/>\n\u2022 Base de Encaixe: Torpedo 36mm<br \/>\n\u2022 Luz Branca<br \/>\n\u2022 Tens\u00e3o de Opera\u00e7\u00e3o: 12V<br \/>\n\u2022 Pot\u00eancia: 1,5W<br \/>\n\u2022 Dura Mais que L\u00e2mpadas Comuns<br \/>\n\u2022 Para Aplica\u00e7\u00e3o na Luz de Teto e Luz de Placa<br \/>\n\u2022 Dimens\u00f5es Aproximadas (CxL): 3,6&#215;1,3cm<\/p>\n<p>Conte\u00fado da Embalagem:<\/p>\n<p>\u2022 01 L\u00e2mpadas LED<\/p>\n","protected":false},"featured_media":13231,"template":"","meta":{"_joinchat":[]},"_links":{"self":[{"href":"https:\/\/mistersates-import.com.br\/loja\/wp-json\/wp\/v2\/product\/13230"}],"collection":[{"href":"https:\/\/mistersates-import.com.br\/loja\/wp-json\/wp\/v2\/product"}],"about":[{"href":"https:\/\/mistersates-import.com.br\/loja\/wp-json\/wp\/v2\/types\/product"}],"wp:featuredmedia":[{"embeddable":true,"href":"https:\/\/mistersates-import.com.br\/loja\/wp-json\/wp\/v2\/media\/13231"}],"wp:attachment":[{"href":"https:\/\/mistersates-import.com.br\/loja\/wp-json\/wp\/v2\/media?parent=13230"}],"curies":[{"name":"wp","href":"https:\/\/api.w.org\/{rel}","templated":true}]}}