{"id":13277,"date":"2021-06-27T11:56:20","date_gmt":"2021-06-27T14:56:20","guid":{"rendered":"https:\/\/mistersates-import.com.br\/loja\/?post_type=product&#038;p=13277"},"modified":"2024-11-22T11:22:36","modified_gmt":"2024-11-22T14:22:36","slug":"multimetro-digital-dt-830-d-cabo-multiteste-beep","status":"publish","type":"product","link":"https:\/\/mistersates-import.com.br\/loja\/product\/multimetro-digital-dt-830-d-cabo-multiteste-beep\/","title":{"rendered":"Mult\u00edmetro Digital Dt-830 D Cabo Multiteste Beep"},"content":{"rendered":"<p>Mult\u00edmetro Digital Dt-830 D Com Cabo De Multiteste e Buzzer<\/p>\n<p>O mult\u00edmetro \u00e9 uma ferramenta essencial para profissionais de tecnologia. Ele efetua medi\u00e7\u00f5es de v\u00e1rias maneiras e em v\u00e1rias escalas. O mult\u00edmetro digital permite rapidez e efici\u00eancia nas amostras.<\/p>\n<p>&#8211; Mult\u00edmetro com visor em cristal l\u00edquido (LCD), 0,5\u201d de altura e 3 1\/2 d\u00edgitos.<br \/>\n&#8211; Medi\u00e7\u00f5es de tens\u00e3o cont\u00ednua e alternada, corrente cont\u00ednua, resistor, transistores e diodos.<br \/>\n&#8211; Ideal para laborat\u00f3rios, oficinas, bricolagem e uso dom\u00e9stica<br \/>\n&#8211; Tens\u00e3o Cont\u00ednua (DCV): 200mV, 2.000mV, 20V, 200V e 1.000V<br \/>\n&#8211; Tens\u00e3o Alternada (ACV): 200V e 750V<br \/>\n&#8211; Corrente Cont\u00ednua (DCmA): 200\u00b5, 2.000\u00b5a, 20mA, 200mA e 10\u00aa<br \/>\n&#8211; Resistor (ohm): 200ohm, 2.000O, 20kohm, 200kohm e 2.000kohm<br \/>\n&#8211; Transistor (hFE): NPN\/PNP<\/p>\n<p>Informa\u00e7\u00f5es t\u00e9cnicas:<\/p>\n<p>&#8211; Identifica\u00e7\u00e3o de voltagem<br \/>\n&#8211; Corrente<br \/>\n&#8211; Possui visor em LCD<br \/>\n&#8211; Tens\u00e3o AC e DC<br \/>\n&#8211; Corrente<br \/>\n&#8211; Resist\u00eancia<br \/>\n&#8211; Testes de transistor, diodos<br \/>\n&#8211; Alimenta\u00e7\u00e3o Bateria de 9v (J\u00e1 inclusa)<\/p>\n<p>1 Mult\u00edmetro DT830 D<br \/>\n2 Cabos para teste<br \/>\n1 Bateria 9V<br \/>\n1 manual<\/p>\n","protected":false},"excerpt":{"rendered":"<p>Mult\u00edmetro Digital Dt-830 D Com Cabo De Multiteste e Buzzer<\/p>\n<p>O mult\u00edmetro \u00e9 uma ferramenta essencial para profissionais de tecnologia. Ele efetua medi\u00e7\u00f5es de v\u00e1rias maneiras e em v\u00e1rias escalas. O mult\u00edmetro digital permite rapidez e efici\u00eancia nas amostras.<\/p>\n<p>&#8211; Mult\u00edmetro com visor em cristal l\u00edquido (LCD), 0,5\u201d de altura e 3 1\/2 d\u00edgitos.<br \/>\n&#8211; Medi\u00e7\u00f5es de tens\u00e3o cont\u00ednua e alternada, corrente cont\u00ednua, resistor, transistores e diodos.<br \/>\n&#8211; Ideal para laborat\u00f3rios, oficinas, bricolagem e uso dom\u00e9stica<br \/>\n&#8211; Tens\u00e3o Cont\u00ednua (DCV): 200mV, 2.000mV, 20V, 200V e 1.000V<br \/>\n&#8211; Tens\u00e3o Alternada (ACV): 200V e 750V<br \/>\n&#8211; Corrente Cont\u00ednua (DCmA): 200\u00b5, 2.000\u00b5a, 20mA, 200mA e 10\u00aa<br \/>\n&#8211; Resistor (ohm): 200ohm, 2.000O, 20kohm, 200kohm e 2.000kohm<br \/>\n&#8211; Transistor (hFE): NPN\/PNP<\/p>\n","protected":false},"featured_media":13278,"template":"","meta":{"_joinchat":[]},"_links":{"self":[{"href":"https:\/\/mistersates-import.com.br\/loja\/wp-json\/wp\/v2\/product\/13277"}],"collection":[{"href":"https:\/\/mistersates-import.com.br\/loja\/wp-json\/wp\/v2\/product"}],"about":[{"href":"https:\/\/mistersates-import.com.br\/loja\/wp-json\/wp\/v2\/types\/product"}],"wp:featuredmedia":[{"embeddable":true,"href":"https:\/\/mistersates-import.com.br\/loja\/wp-json\/wp\/v2\/media\/13278"}],"wp:attachment":[{"href":"https:\/\/mistersates-import.com.br\/loja\/wp-json\/wp\/v2\/media?parent=13277"}],"curies":[{"name":"wp","href":"https:\/\/api.w.org\/{rel}","templated":true}]}}