{"id":13281,"date":"2021-06-27T12:16:38","date_gmt":"2021-06-27T15:16:38","guid":{"rendered":"https:\/\/mistersates-import.com.br\/loja\/?post_type=product&#038;p=13281"},"modified":"2023-01-31T16:24:55","modified_gmt":"2023-01-31T19:24:55","slug":"bateria-e-cabo-carregador-controle-xbox-one-charge-play-kit","status":"publish","type":"product","link":"https:\/\/mistersates-import.com.br\/loja\/product\/bateria-e-cabo-carregador-controle-xbox-one-charge-play-kit\/","title":{"rendered":"Bateria E Cabo Carregador Controle Xbox One Charge Play Kit"},"content":{"rendered":"<p>Especifica\u00e7\u00f5es:<\/p>\n<p>Capacidade da bateria: 2400mAh<br \/>\nSa\u00edda: DC 2.4V<br \/>\nModelo: Xbox One<br \/>\nCarrega em menos de 4 horas<br \/>\nN\u00e3o necessita de pilhas<br \/>\nEste modelo n\u00e3o \u00e9 poss\u00edvel carregar na base<br \/>\nBateria Recarreg\u00e1vel<\/p>\n<p>Itens inclusos:<\/p>\n<p>1 Bateria Xbox One<br \/>\n1 Cabo USB<\/p>\n","protected":false},"excerpt":{"rendered":"<p>Especifica\u00e7\u00f5es:<\/p>\n<p>Capacidade da bateria: 2400mAh<br \/>\nSa\u00edda: DC 2.4V<br \/>\nModelo: Xbox One<br \/>\nCarrega em menos de 4 horas<br \/>\nN\u00e3o necessita de pilhas<br \/>\nEste modelo n\u00e3o \u00e9 poss\u00edvel carregar na base<br \/>\nBateria Recarreg\u00e1vel<\/p>\n<p>Itens inclusos:<\/p>\n<p>1 Bateria Xbox One<br \/>\n1 Cabo USB<\/p>\n","protected":false},"featured_media":15836,"template":"","meta":{"_joinchat":[]},"_links":{"self":[{"href":"https:\/\/mistersates-import.com.br\/loja\/wp-json\/wp\/v2\/product\/13281"}],"collection":[{"href":"https:\/\/mistersates-import.com.br\/loja\/wp-json\/wp\/v2\/product"}],"about":[{"href":"https:\/\/mistersates-import.com.br\/loja\/wp-json\/wp\/v2\/types\/product"}],"wp:featuredmedia":[{"embeddable":true,"href":"https:\/\/mistersates-import.com.br\/loja\/wp-json\/wp\/v2\/media\/15836"}],"wp:attachment":[{"href":"https:\/\/mistersates-import.com.br\/loja\/wp-json\/wp\/v2\/media?parent=13281"}],"curies":[{"name":"wp","href":"https:\/\/api.w.org\/{rel}","templated":true}]}}