{"id":13323,"date":"2021-06-27T20:18:26","date_gmt":"2021-06-27T23:18:26","guid":{"rendered":"https:\/\/mistersates-import.com.br\/loja\/?post_type=product&#038;p=13323"},"modified":"2026-04-20T11:14:52","modified_gmt":"2026-04-20T14:14:52","slug":"pedra-de-amolar-faca-sub-amolador-prof-kit-c-8-unidades","status":"publish","type":"product","link":"https:\/\/mistersates-import.com.br\/loja\/product\/pedra-de-amolar-faca-sub-amolador-prof-kit-c-8-unidades\/","title":{"rendered":"Pedra De Amolar Faca Sub. Amolador Prof.  Kit C\/ 8 Unidades"},"content":{"rendered":"<p>Incluindo 8 v\u00e1rios gr\u00e3os em um conjunto, este conjunto de pedra de afia\u00e7\u00e3o \u00e9 bastante pr\u00e1tico que atende a sua demanda de afia\u00e7\u00e3o diferente. Funcionou bem na afia\u00e7\u00e3o de facas de cozinha, tesoura, helic\u00f3ptero, faca de barbear e muitas outras ferramentas e facas afiadas.<\/p>\n<p>Caracter\u00edsticas:<\/p>\n<p>Perfeitamente para ser usado com o afiador de faca de \u00e2ngulo fixo<br \/>\nEquipado com base, antiderrapante e seguro de usar.<br \/>\nConveniente e f\u00e1cil de afiar facas.<br \/>\n60 #, 80#, 180#, 400#, 800#, 1500#, 2000#, 3000#, 8 tipos de gr\u00e3o em um conjunto.<br \/>\n150* 20* 5mm (6 \u201c* 0,8 \u201c* 0,2&#8243;), tamanho mini port\u00e1til, conveniente para transportar.<br \/>\n8pcs afiar pedra definido para afiar variedade de facas<\/p>\n<p>Especifica\u00e7\u00f5es:<\/p>\n<p>Quantidade: 8<br \/>\nTipo de gr\u00e3o: 60 #, 80#, 180#, 400#, 800#, 1500#, 2000#, 3000#<br \/>\nTamanho da pedra de afia\u00e7\u00e3o: Aprox. 150 * 20 * 5 mm\/5,91 * 0,79 * 0,20 polegadas<br \/>\nTamanho total (com suporte): Aprox. 158 * 22 * 9 mm\/6,22 * 0,87 * 0,35 in<br \/>\nPeso do item: Aprox. 444g\/<\/p>\n<p>pacotes:<\/p>\n<p>8x Pedra de afia\u00e7\u00e3o<\/p>\n","protected":false},"excerpt":{"rendered":"<p>Incluindo 8 v\u00e1rios gr\u00e3os em um conjunto, este conjunto de pedra de afia\u00e7\u00e3o \u00e9 bastante pr\u00e1tico que atende a sua demanda de afia\u00e7\u00e3o diferente. Funcionou bem na afia\u00e7\u00e3o de facas de cozinha, tesoura, helic\u00f3ptero, faca de barbear e muitas outras ferramentas e facas afiadas.<\/p>\n<p>Caracter\u00edsticas:<\/p>\n<p>Perfeitamente para ser usado com o afiador de faca de \u00e2ngulo fixo<br \/>\nEquipado com base, antiderrapante e seguro de usar.<br \/>\nConveniente e f\u00e1cil de afiar facas.<br \/>\n60 #, 80#, 180#, 400#, 800#, 1500#, 2000#, 3000#, 8 tipos de gr\u00e3o em um conjunto.<br \/>\n150* 20* 5mm (6 \u201c* 0,8 \u201c* 0,2&#8243;), tamanho mini port\u00e1til, conveniente para transportar.<br \/>\n8pcs afiar pedra definido para afiar variedade de facas<\/p>\n<p>Especifica\u00e7\u00f5es:<\/p>\n","protected":false},"featured_media":13325,"template":"","meta":{"_joinchat":[]},"_links":{"self":[{"href":"https:\/\/mistersates-import.com.br\/loja\/wp-json\/wp\/v2\/product\/13323"}],"collection":[{"href":"https:\/\/mistersates-import.com.br\/loja\/wp-json\/wp\/v2\/product"}],"about":[{"href":"https:\/\/mistersates-import.com.br\/loja\/wp-json\/wp\/v2\/types\/product"}],"wp:featuredmedia":[{"embeddable":true,"href":"https:\/\/mistersates-import.com.br\/loja\/wp-json\/wp\/v2\/media\/13325"}],"wp:attachment":[{"href":"https:\/\/mistersates-import.com.br\/loja\/wp-json\/wp\/v2\/media?parent=13323"}],"curies":[{"name":"wp","href":"https:\/\/api.w.org\/{rel}","templated":true}]}}