{"id":13339,"date":"2021-06-27T21:01:47","date_gmt":"2021-06-28T00:01:47","guid":{"rendered":"https:\/\/mistersates-import.com.br\/loja\/?post_type=product&#038;p=13339"},"modified":"2026-03-31T19:11:26","modified_gmt":"2026-03-31T22:11:26","slug":"amplificador-de-sinal-fita-led-rgb-5050-3528","status":"publish","type":"product","link":"https:\/\/mistersates-import.com.br\/loja\/product\/amplificador-de-sinal-fita-led-rgb-5050-3528\/","title":{"rendered":"Amplificador De Sinal Fita Led Rgb 5050 3528"},"content":{"rendered":"<p>Amplificador de Sinal Para Fita Led RGB Colorida 5050 3528<\/p>\n<p>FICHA T\u00c9CNICA:<\/p>\n<p>Modelo: Amplificador Sinal Para Fita Led RGB 5050 3528<br \/>\nAlimenta\u00e7\u00e3o: DC 12V<br \/>\nConector: Fio<br \/>\nComprimento: 13cm<br \/>\nTemperatura de Trabalho: -20\u00b0+60\u00b0C<\/p>\n<p>COMO UTILIZAR:<\/p>\n<p>Utilize quantos metros de fita desejar instalando os amplificadores de sinal, com isso voc\u00ea usar\u00e1 apenas 1 controle remoto.<br \/>\nEsse amplificador dever\u00e1 ser usado quando se desejar ligar mais de 5 metros de fita em conjunto, garantindo assim sua qualidade e maior defini\u00e7\u00e3o das cores utilizando o mesmo controle.<br \/>\n\u00c9 recomendado o uso deste amplificador a cada 5 metros de fita.<br \/>\nAlimenta\u00e7\u00e3o 12V.<\/p>\n","protected":false},"excerpt":{"rendered":"<p>Amplificador de Sinal Para Fita Led RGB Colorida 5050 3528<\/p>\n<p>FICHA T\u00c9CNICA:<\/p>\n<p>Modelo: Amplificador Sinal Para Fita Led RGB 5050 3528<br \/>\nAlimenta\u00e7\u00e3o: DC 12V<br \/>\nConector: Fio<br \/>\nComprimento: 13cm<br \/>\nTemperatura de Trabalho: -20\u00b0+60\u00b0C<\/p>\n<p>COMO UTILIZAR:<\/p>\n<p>Utilize quantos metros de fita desejar instalando os amplificadores de sinal, com isso voc\u00ea usar\u00e1 apenas 1 controle remoto.<br \/>\nEsse amplificador dever\u00e1 ser usado quando se desejar ligar mais de 5 metros de fita em conjunto, garantindo assim sua qualidade e maior defini\u00e7\u00e3o das cores utilizando o mesmo controle.<br \/>\n\u00c9 recomendado o uso deste amplificador a cada 5 metros de fita.<br \/>\nAlimenta\u00e7\u00e3o 12V.<\/p>\n","protected":false},"featured_media":15802,"template":"","meta":{"_joinchat":[]},"_links":{"self":[{"href":"https:\/\/mistersates-import.com.br\/loja\/wp-json\/wp\/v2\/product\/13339"}],"collection":[{"href":"https:\/\/mistersates-import.com.br\/loja\/wp-json\/wp\/v2\/product"}],"about":[{"href":"https:\/\/mistersates-import.com.br\/loja\/wp-json\/wp\/v2\/types\/product"}],"wp:featuredmedia":[{"embeddable":true,"href":"https:\/\/mistersates-import.com.br\/loja\/wp-json\/wp\/v2\/media\/15802"}],"wp:attachment":[{"href":"https:\/\/mistersates-import.com.br\/loja\/wp-json\/wp\/v2\/media?parent=13339"}],"curies":[{"name":"wp","href":"https:\/\/api.w.org\/{rel}","templated":true}]}}