{"id":13345,"date":"2021-06-27T21:10:44","date_gmt":"2021-06-28T00:10:44","guid":{"rendered":"https:\/\/mistersates-import.com.br\/loja\/?post_type=product&#038;p=13345"},"modified":"2024-08-02T12:02:30","modified_gmt":"2024-08-02T15:02:30","slug":"emenda-conector-c-fio-p-fita-led-5050-2-vias-click-10mm","status":"publish","type":"product","link":"https:\/\/mistersates-import.com.br\/loja\/product\/emenda-conector-c-fio-p-fita-led-5050-2-vias-click-10mm\/","title":{"rendered":"Emenda Conector C\/ Fio P Fita Led 5050 2 Vias Click 10mm"},"content":{"rendered":"<p>Emendas Conector Com Fio Para Fita Led 5050<br \/>\n2 Vias 10mm de largura. (5050)<\/p>\n<p>Especifica\u00e7\u00f5es:<\/p>\n<p>&#8211; F\u00e1cil utiliza\u00e7\u00e3o<br \/>\n&#8211; N\u00e3o necessita solda<br \/>\n&#8211; Conector emenda para Fita Led 5050 2 Vias (10mm)<\/p>\n","protected":false},"excerpt":{"rendered":"<p>Emendas Conector Com Fio Para Fita Led 5050<br \/>\n2 Vias 10mm de largura. (5050)<\/p>\n<p>Especifica\u00e7\u00f5es:<\/p>\n<p>&#8211; F\u00e1cil utiliza\u00e7\u00e3o<br \/>\n&#8211; N\u00e3o necessita solda<br \/>\n&#8211; Conector emenda para Fita Led 5050 2 Vias (10mm)<\/p>\n","protected":false},"featured_media":16185,"template":"","meta":{"_joinchat":[]},"_links":{"self":[{"href":"https:\/\/mistersates-import.com.br\/loja\/wp-json\/wp\/v2\/product\/13345"}],"collection":[{"href":"https:\/\/mistersates-import.com.br\/loja\/wp-json\/wp\/v2\/product"}],"about":[{"href":"https:\/\/mistersates-import.com.br\/loja\/wp-json\/wp\/v2\/types\/product"}],"wp:featuredmedia":[{"embeddable":true,"href":"https:\/\/mistersates-import.com.br\/loja\/wp-json\/wp\/v2\/media\/16185"}],"wp:attachment":[{"href":"https:\/\/mistersates-import.com.br\/loja\/wp-json\/wp\/v2\/media?parent=13345"}],"curies":[{"name":"wp","href":"https:\/\/api.w.org\/{rel}","templated":true}]}}