{"id":13351,"date":"2021-06-27T21:19:55","date_gmt":"2021-06-28T00:19:55","guid":{"rendered":"https:\/\/mistersates-import.com.br\/loja\/?post_type=product&#038;p=13351"},"modified":"2026-02-05T10:06:30","modified_gmt":"2026-02-05T13:06:30","slug":"acessorios-de-adaptador-de-conversao-universal-gopro","status":"publish","type":"product","link":"https:\/\/mistersates-import.com.br\/loja\/product\/acessorios-de-adaptador-de-conversao-universal-gopro\/","title":{"rendered":"Acess\u00f3rios de adaptador de convers\u00e3o universal GoPro"},"content":{"rendered":"<p>Principais caracter\u00edsticas:<\/p>\n<p>Adaptador universal de convers\u00e3o (1\/4 pol 20)<br \/>\nMini-parafuso de trip\u00e9 usado para conectar acess\u00f3rios GoPro \u00e0 c\u00e2mera de a\u00e7\u00e3o<br \/>\nCompat\u00edvel com c\u00e2meras de a\u00e7\u00e3o Sony<br \/>\nCor: preto<br \/>\nQuantidade: 1<br \/>\nespecifica\u00e7\u00e3o<br \/>\ngeral<\/p>\n<p>Tipo de acess\u00f3rio: Adaptador de montagem, pe\u00e7as de reposi\u00e7\u00e3o<br \/>\naplicar a marca: Amkov, Dazzen, Dazzne, descoberta, Eken, Elephone, FIREFLY, Foream, GitUp, Gopro, Hawkeye, INNOVV, KEECOO, MEEEGOU, MGCOOL, Mobius, OKAA, Onepaa, Ordro, RunCam, SJCAM, Sony, Soocoo, ThiEYE, Xiaomi, YI, zhiyun<br \/>\nCompat\u00edvel com: C\u00e2mera Universal<br \/>\nDimens\u00e3o e Peso<\/p>\n<p>Tamanho da embalagem (L x L x A): 10,00 x 5,00 x 3,00 cm \/ 3,94 x 1,97 x 1,18 polegadas<br \/>\nPeso da embalagem: 0,0400 kg<br \/>\nTamanho do produto (L x L x A): 9,65 x 4,05 x 2,54 cm \/ 3,8 x 1,59 x 1 polegadas<br \/>\nPeso do produto: 0,0390 kg<br \/>\nConte\u00fado do pacote<\/p>\n<p>Conte\u00fado do pacote: 1 x adaptador de convers\u00e3o<\/p>\n","protected":false},"excerpt":{"rendered":"<p>Principais caracter\u00edsticas:<\/p>\n<p>Adaptador universal de convers\u00e3o (1\/4 pol 20)<br \/>\nMini-parafuso de trip\u00e9 usado para conectar acess\u00f3rios GoPro \u00e0 c\u00e2mera de a\u00e7\u00e3o<br \/>\nCompat\u00edvel com c\u00e2meras de a\u00e7\u00e3o Sony<br \/>\nCor: preto<br \/>\nQuantidade: 1<br \/>\nespecifica\u00e7\u00e3o<br \/>\ngeral<\/p>\n<p>Tipo de acess\u00f3rio: Adaptador de montagem, pe\u00e7as de reposi\u00e7\u00e3o<br \/>\naplicar a marca: Amkov, Dazzen, Dazzne, descoberta, Eken, Elephone, FIREFLY, Foream, GitUp, Gopro, Hawkeye, INNOVV, KEECOO, MEEEGOU, MGCOOL, Mobius, OKAA, Onepaa, Ordro, RunCam, SJCAM, Sony, Soocoo, ThiEYE, Xiaomi, YI, zhiyun<br \/>\nCompat\u00edvel com: C\u00e2mera Universal<\/p>\n","protected":false},"featured_media":15636,"template":"","meta":{"_joinchat":[]},"_links":{"self":[{"href":"https:\/\/mistersates-import.com.br\/loja\/wp-json\/wp\/v2\/product\/13351"}],"collection":[{"href":"https:\/\/mistersates-import.com.br\/loja\/wp-json\/wp\/v2\/product"}],"about":[{"href":"https:\/\/mistersates-import.com.br\/loja\/wp-json\/wp\/v2\/types\/product"}],"wp:featuredmedia":[{"embeddable":true,"href":"https:\/\/mistersates-import.com.br\/loja\/wp-json\/wp\/v2\/media\/15636"}],"wp:attachment":[{"href":"https:\/\/mistersates-import.com.br\/loja\/wp-json\/wp\/v2\/media?parent=13351"}],"curies":[{"name":"wp","href":"https:\/\/api.w.org\/{rel}","templated":true}]}}