{"id":13363,"date":"2021-06-27T21:50:52","date_gmt":"2021-06-28T00:50:52","guid":{"rendered":"https:\/\/mistersates-import.com.br\/loja\/?post_type=product&#038;p=13363"},"modified":"2023-11-10T16:11:27","modified_gmt":"2023-11-10T19:11:27","slug":"point-mini-com-nfc","status":"publish","type":"product","link":"https:\/\/mistersates-import.com.br\/loja\/product\/point-mini-com-nfc\/","title":{"rendered":"Point Mini com NFC Bluetooth"},"content":{"rendered":"<p>Anuncio referente a 1 (UMA) UNIDADE (MODELO NOVO)<\/p>\n<p>O VENDEDOR N\u00c3O D\u00c1 A GARANTIA<\/p>\n<p>A GARANTIA E DADA PELO MERCADO PAGO. DURANTE 3 ANOS AP\u00d3S ATIVA\u00c7\u00c3O DA M\u00c1QUINA.<\/p>\n<p>Descri\u00e7\u00e3o:<\/p>\n<p>&gt;&gt;Produto NOVO (na caixa e lacrado) 100% ORIGINAL, FORNECEDOR MERCADO PAGO<\/p>\n<p>========================================================================<\/p>\n<p>&gt;&gt;3 ANO DE GARANTIA PELO MERCADO PAGO<\/p>\n<p>&nbsp;<\/p>\n<p>DESCRI\u00c7\u00c3O DO PRODUTO:<\/p>\n<p>ACEITAR CART\u00d5ES DE D\u00c9BITO E CR\u00c9DITO AGORA EST\u00c1 AO SEU ALCANCE<\/p>\n<p>Com a M\u00e1quina de cart\u00e3o Point Mini o dinheiro das suas vendas ficar\u00e1 na sua conta do Mercado Pago e, assim que estiver dispon\u00edvel, voc\u00ea poder\u00e1 retir\u00e1-lo a sua conta banc\u00e1ria. O cr\u00e9dito \u00e9 feito em 1 dia \u00fatil.<\/p>\n<p>SEM ALUGUEL SEM TAXA DE ADES\u00c3O<br \/>\nCom o Mercado Pago Point voc\u00ea s\u00f3 paga quando vender!<\/p>\n<p>O SEU DINHEIRO DISPON\u00cdVEL NA HORA<br \/>\nPara todas as suas vendas com d\u00e9bito e de acordo com a tarifa que escolher para cr\u00e9dito.<\/p>\n<p>VOC\u00ca RECEBE PAGAMENTOS COM AS MELHORES TARIFAS DO MERCADO<\/p>\n<p>Vendas com D\u00c9BITO:<\/p>\n<p>&#8211; Voc\u00ea paga 1,99% por cada venda e o dinheiro fica dispon\u00edvel NA HORA que for aprovado na sua conta do Mercado Pago.<\/p>\n<p>Vendas com CR\u00c9DITO \u00c0 VISTA, voc\u00ea escolhe a tarifa e o prazo de libera\u00e7\u00e3o:<\/p>\n<p>&#8211; 4,74% por cada venda: dinheiro dispon\u00edvel NA HORA na sua conta do Mercado Pago.<br \/>\n&#8211; 3,79% por cada venda: dinheiro dispon\u00edvel em 14 dias na sua conta do Mercado Pago.<br \/>\n&#8211; 3,03% por cada venda: dinheiro dispon\u00edvel em 30 dias na sua conta do Mercado Pago.<\/p>\n<p>RETIRE O SEU DINHEIRO GR\u00c1TIS<\/p>\n<p>Voc\u00ea n\u00e3o paga para retirar o dinheiro a uma conta banc\u00e1ria! O cr\u00e9dito \u00e9 feito em 1 dia \u00fatil.<\/p>\n<p>COMO FUNCIONA A POINT MINI?<\/p>\n<p>1 &#8211; Baixe o aplicativo do Mercado Pago e crie uma conta gr\u00e1tis ou use a sua do Mercado Livre.<br \/>\n2 &#8211; Conecte seu celular ou tablet \u00e0 maquininha. Para isso, use o Bluetooth do seu dispositivo m\u00f3vel.<br \/>\n3 &#8211; Venda e receba o dinheiro no Mercado Pago. Voc\u00ea poder\u00e1 us\u00e1-lo assim que estiver dispon\u00edvel.<\/p>\n<p>A maquininha funciona com telefones e tablets que tenham Android 4.0.3 ou iOS 9 ou superior, internet e Bluetooth.<\/p>\n<p>O leitor Point Mini s\u00f3 aceita cart\u00f5es com chip e tem 3 anos de garantia.<\/p>\n<p>A marca e modelo do Point Mini \u00e9 PAX D150.<\/p>\n<p>Itens que acompanha sua compra:<\/p>\n<p>01 m\u00e1quina Point Mini do Mercado Pago, modelo PAX D150<br \/>\n01 cabo USB para carrega-la<br \/>\n01 manual de opera\u00e7\u00f5es b\u00e1sicas, em portugu\u00eas<\/p>\n<p>Todos esses itens ir\u00e3o numa embalagem lacrada!<\/p>\n<p>A garantia do equipamento \u00e9 de 3 anos. DIRETAMENTE COM O MERCADO PAGO.<\/p>\n<p>========================================================================<\/p>\n<p>Em caso de d\u00favidas fa\u00e7a suas perguntas, teremos prazer em lhe atender!<br \/>\nAguardamos a sua compra.<\/p>\n","protected":false},"excerpt":{"rendered":"<p>Anuncio referente a 1 (UMA) UNIDADE (MODELO NOVO)<\/p>\n<p>O VENDEDOR N\u00c3O D\u00c1 A GARANTIA<\/p>\n<p>A GARANTIA E DADA PELO MERCADO PAGO. DURANTE 3 ANOS AP\u00d3S ATIVA\u00c7\u00c3O DA M\u00c1QUINA.<\/p>\n<p>Descri\u00e7\u00e3o:<\/p>\n<p>&gt;&gt;Produto NOVO (na caixa e lacrado) 100% ORIGINAL, FORNECEDOR MERCADO PAGO<\/p>\n<p>========================================================================<\/p>\n<p>&gt;&gt;3 ANO DE GARANTIA PELO MERCADO PAGO<\/p>\n","protected":false},"featured_media":15169,"template":"","meta":{"_joinchat":[]},"_links":{"self":[{"href":"https:\/\/mistersates-import.com.br\/loja\/wp-json\/wp\/v2\/product\/13363"}],"collection":[{"href":"https:\/\/mistersates-import.com.br\/loja\/wp-json\/wp\/v2\/product"}],"about":[{"href":"https:\/\/mistersates-import.com.br\/loja\/wp-json\/wp\/v2\/types\/product"}],"wp:featuredmedia":[{"embeddable":true,"href":"https:\/\/mistersates-import.com.br\/loja\/wp-json\/wp\/v2\/media\/15169"}],"wp:attachment":[{"href":"https:\/\/mistersates-import.com.br\/loja\/wp-json\/wp\/v2\/media?parent=13363"}],"curies":[{"name":"wp","href":"https:\/\/api.w.org\/{rel}","templated":true}]}}