{"id":13390,"date":"2021-06-27T22:25:58","date_gmt":"2021-06-28T01:25:58","guid":{"rendered":"https:\/\/mistersates-import.com.br\/loja\/?post_type=product&#038;p=13390"},"modified":"2024-06-21T17:02:02","modified_gmt":"2024-06-21T20:02:02","slug":"placa-de-alimentacao-de-bancada-atx-24pinos-sem-fonte","status":"publish","type":"product","link":"https:\/\/mistersates-import.com.br\/loja\/product\/placa-de-alimentacao-de-bancada-atx-24pinos-sem-fonte\/","title":{"rendered":"Placa De Alimenta\u00e7\u00e3o De Bancada Atx 24pinos Sem Fonte"},"content":{"rendered":"<p>Com este modulo voc\u00ea conseguira transformar de forma simples e intuitiva qualquer fonte ATX em uma fonte de bancada, basta conectar o cabo da fonte ao m\u00f3dulo e pronto, totalmente plug and play. Tenha em poucos minutos uma fonte de bancada intuitiva e pronta para realizar os mais diversos testes.<\/p>\n<p>Especifica\u00e7\u00f5es:<\/p>\n<p>Produto: Modulo bancada para fonte de alimenta\u00e7\u00e3o ATX;<br \/>\nModelo: XH-M229;<br \/>\nCompat\u00edvel com fontes: ATX (compat\u00edvel parcial com fontes tipo BTX)<br \/>\nN\u00famero de pinos suportados: 20\/24 pin<br \/>\nChave liga desliga: Sim<br \/>\nSa\u00edda de voltagens: 4<br \/>\n-12v<br \/>\n+12v<br \/>\n+5v<br \/>\n+3.3v<br \/>\nMais 4 pinos GND<br \/>\nTamanho: Aproximadamente: 5cm*13cm*2cm<\/p>\n<p>Conte\u00fado do pacote:<br \/>\n1x Modulo de bancada;<br \/>\n4x Conectores na cor vermelha;<br \/>\n4x Conectores na cor preta;<\/p>\n<p>*ATEN\u00c7\u00c3O*<br \/>\nA Amperagem sera definida pela fonte que voc\u00ea estiver usando;<br \/>\nN\u00e3o acompanha fios ou pontas de prova;<\/p>\n","protected":false},"excerpt":{"rendered":"<p>Com este modulo voc\u00ea conseguira transformar de forma simples e intuitiva qualquer fonte ATX em uma fonte de bancada, basta conectar o cabo da fonte ao m\u00f3dulo e pronto, totalmente plug and play. Tenha em poucos minutos uma fonte de bancada intuitiva e pronta para realizar os mais diversos testes.<\/p>\n","protected":false},"featured_media":13391,"template":"","meta":{"_joinchat":[]},"_links":{"self":[{"href":"https:\/\/mistersates-import.com.br\/loja\/wp-json\/wp\/v2\/product\/13390"}],"collection":[{"href":"https:\/\/mistersates-import.com.br\/loja\/wp-json\/wp\/v2\/product"}],"about":[{"href":"https:\/\/mistersates-import.com.br\/loja\/wp-json\/wp\/v2\/types\/product"}],"wp:featuredmedia":[{"embeddable":true,"href":"https:\/\/mistersates-import.com.br\/loja\/wp-json\/wp\/v2\/media\/13391"}],"wp:attachment":[{"href":"https:\/\/mistersates-import.com.br\/loja\/wp-json\/wp\/v2\/media?parent=13390"}],"curies":[{"name":"wp","href":"https:\/\/api.w.org\/{rel}","templated":true}]}}