{"id":13427,"date":"2021-06-27T23:21:17","date_gmt":"2021-06-28T02:21:17","guid":{"rendered":"https:\/\/mistersates-import.com.br\/loja\/?post_type=product&#038;p=13427"},"modified":"2024-03-15T18:28:43","modified_gmt":"2024-03-15T21:28:43","slug":"suporte-gamepad-com-gatilho-l1-r1-w11-pubg-free-fire","status":"publish","type":"product","link":"https:\/\/mistersates-import.com.br\/loja\/product\/suporte-gamepad-com-gatilho-l1-r1-w11-pubg-free-fire\/","title":{"rendered":"Suporte Gamepad Com Gatilho L1 R1 W11+  Pubg Free Fire"},"content":{"rendered":"<p>Saia na frente dos seus advers\u00e1rios com o incr\u00edvel gamepad W11+!<br \/>\nSuba de n\u00edvel e se torne um mestre atirador!<br \/>\nCom o gamepad W11+ voc\u00ea ganha em precis\u00e3o e agilidade na hora de confrontos decisivos. Funciona de forma totalmente mec\u00e2nica, voc\u00ea controla a a\u00e7\u00e3o com os precisos gatilhos R1 R2, al\u00e9m de possuir um anal\u00f3gico flex\u00edvel e uma pegada firme.<\/p>\n<p>. MODELO DO PRODUTO<br \/>\nW11+ Mobile game controller<\/p>\n<p>. COMPAT\u00cdVEL COM PUBG<br \/>\nPara ajustar a posi\u00e7\u00e3o dos boto\u02dces na tela, basta ir em configura\u00e7\u00f5es e posicionar abaixo dos pressionadores.<\/p>\n<p>. COMPAT\u00cdVEL COM SMARTFONES DE AT\u00c9 6.5&#8243;<br \/>\nO gamepad tem uma abertura m\u00ednima de 4.7&#8243;e se expande at\u00e9 6.5&#8243;( consulte o tamanho do seu smartphone).<\/p>\n<p>. ALTA PRECIS\u00c3O<br \/>\nResposta instant\u00e2nea ao movimento.<\/p>\n<p>. SUPER LEVE<br \/>\npesando apenas 125g, torna-se praticamente uma extens\u00e3o do seu smartphone.<\/p>\n<p>. MEDIDAS DO PRODUTO<br \/>\n158*124*37mm<\/p>\n","protected":false},"excerpt":{"rendered":"<p>Saia na frente dos seus advers\u00e1rios com o incr\u00edvel gamepad W11+!<br \/>\nSuba de n\u00edvel e se torne um mestre atirador!<br \/>\nCom o gamepad W11+ voc\u00ea ganha em precis\u00e3o e agilidade na hora de confrontos decisivos. Funciona de forma totalmente mec\u00e2nica, voc\u00ea controla a a\u00e7\u00e3o com os precisos gatilhos R1 R2, al\u00e9m de possuir um anal\u00f3gico flex\u00edvel e uma pegada firme.<\/p>\n<p>. MODELO DO PRODUTO<br \/>\nW11+ Mobile game controller<\/p>\n","protected":false},"featured_media":13428,"template":"","meta":{"_joinchat":[]},"_links":{"self":[{"href":"https:\/\/mistersates-import.com.br\/loja\/wp-json\/wp\/v2\/product\/13427"}],"collection":[{"href":"https:\/\/mistersates-import.com.br\/loja\/wp-json\/wp\/v2\/product"}],"about":[{"href":"https:\/\/mistersates-import.com.br\/loja\/wp-json\/wp\/v2\/types\/product"}],"wp:featuredmedia":[{"embeddable":true,"href":"https:\/\/mistersates-import.com.br\/loja\/wp-json\/wp\/v2\/media\/13428"}],"wp:attachment":[{"href":"https:\/\/mistersates-import.com.br\/loja\/wp-json\/wp\/v2\/media?parent=13427"}],"curies":[{"name":"wp","href":"https:\/\/api.w.org\/{rel}","templated":true}]}}