{"id":13472,"date":"2021-06-28T01:10:03","date_gmt":"2021-06-28T04:10:03","guid":{"rendered":"https:\/\/mistersates-import.com.br\/loja\/?post_type=product&#038;p=13472"},"modified":"2024-03-15T18:27:59","modified_gmt":"2024-03-15T21:27:59","slug":"paquimetro-digital-profissional-fibra-carbono-150mm","status":"publish","type":"product","link":"https:\/\/mistersates-import.com.br\/loja\/product\/paquimetro-digital-profissional-fibra-carbono-150mm\/","title":{"rendered":"Paqu\u00edmetro Digital Profissional Fibra Carbono 150mm"},"content":{"rendered":"<p>Paqu\u00edmetro Digital profissional 100mm &#8211; Fibra de Carbono<br \/>\nIdeal para medidas internas, externas e de profundidade<br \/>\nDisplay LCD de f\u00e1cil Leitura e \u00d3tima Visualiza\u00e7\u00e3o<br \/>\nCursor deslizante<br \/>\nIndica\u00e7\u00e3o da bateria com carga baixa<br \/>\nComando &#8220;Zerar&#8221; a qualquer medida<br \/>\nFaz medi\u00e7\u00f5es em mil\u00edmetros e polegadas<\/p>\n<p>Especifica\u00e7\u00e3o:<\/p>\n<p>Capacidade: 0-100mm \/ 0-6&#8243;<br \/>\nResolu\u00e7\u00e3o: 0.1mm \/ 0.01&#8243;<br \/>\nExatid\u00e3o: 0.3mm \/ 0.01&#8243;<br \/>\nRepetitividade: 0.1mm \/ 0.01&#8243;<br \/>\nDisplay LCD com 4 d\u00edgitos<br \/>\nCorpo em fibra de carbono<br \/>\nAlimenta\u00e7\u00e3o: 1 bateria 1.5v (SR44\/LR44)<\/p>\n<p>Itens Inclusos<\/p>\n<p>01 x Paqu\u00edmetro Digital 6 Polegada 150mm Fibra De Carbono<\/p>\n","protected":false},"excerpt":{"rendered":"<p>Paqu\u00edmetro Digital profissional 100mm &#8211; Fibra de Carbono<br \/>\nIdeal para medidas internas, externas e de profundidade<br \/>\nDisplay LCD de f\u00e1cil Leitura e \u00d3tima Visualiza\u00e7\u00e3o<br \/>\nCursor deslizante<br \/>\nIndica\u00e7\u00e3o da bateria com carga baixa<br \/>\nComando &#8220;Zerar&#8221; a qualquer medida<br \/>\nFaz medi\u00e7\u00f5es em mil\u00edmetros e polegadas<\/p>\n","protected":false},"featured_media":13473,"template":"","meta":{"_joinchat":[]},"_links":{"self":[{"href":"https:\/\/mistersates-import.com.br\/loja\/wp-json\/wp\/v2\/product\/13472"}],"collection":[{"href":"https:\/\/mistersates-import.com.br\/loja\/wp-json\/wp\/v2\/product"}],"about":[{"href":"https:\/\/mistersates-import.com.br\/loja\/wp-json\/wp\/v2\/types\/product"}],"wp:featuredmedia":[{"embeddable":true,"href":"https:\/\/mistersates-import.com.br\/loja\/wp-json\/wp\/v2\/media\/13473"}],"wp:attachment":[{"href":"https:\/\/mistersates-import.com.br\/loja\/wp-json\/wp\/v2\/media?parent=13472"}],"curies":[{"name":"wp","href":"https:\/\/api.w.org\/{rel}","templated":true}]}}