{"id":13514,"date":"2021-06-28T17:02:53","date_gmt":"2021-06-28T20:02:53","guid":{"rendered":"https:\/\/mistersates-import.com.br\/loja\/?post_type=product&#038;p=13514"},"modified":"2025-05-19T11:41:02","modified_gmt":"2025-05-19T14:41:02","slug":"mini-controlador-dimmer-1224v-strobo-flash-fita-led","status":"publish","type":"product","link":"https:\/\/mistersates-import.com.br\/loja\/product\/mini-controlador-dimmer-1224v-strobo-flash-fita-led\/","title":{"rendered":"Mini Controlador Dimmer 12~24v Strobo Flash Fita Led"},"content":{"rendered":"<p>teclas de Fun\u00e7\u00e3o (mini 3 chaves)<\/p>\n<p>1. Chave 1. Mode:modos de controle din\u00e2mico.<\/p>\n<p>2. Chave de Luz: controle de cores est\u00e1ticas,<\/p>\n<p>3. chave de Velocidade: fun\u00e7\u00e3o de ajuste de chave, ele pode ajustar o n\u00edvel de velocidade dos modos din\u00e2micos<\/p>\n<p>e o n\u00edvel de brilho de cores est\u00e1ticas<\/p>\n<p>4. chave de Velocidade: pressione-o mais de 1 segundo, ele vai ser LIGADO\/desligado<\/p>\n<p>especifica\u00e7\u00f5es:<\/p>\n<p>mini 3 teclas led controlador dimmer 12 v<\/p>\n<p>Tens\u00e3o de funcionamento DC12-24V<\/p>\n<p>modos din\u00e2micos 6 modos<\/p>\n<p>Cores est\u00e1ticas 8 cores<\/p>\n<p>aplica\u00e7\u00e3o:<\/p>\n<p>15 m 3528-60 leds tira conduzida ou 5 m 5050-60 leds<\/p>\n<p>Max atual 6A<\/p>\n<p>tamanho do produto: 42*12*3 MM<\/p>\n<p>m\u00e9todo de conex\u00e3o: \u00e2nodo comum<\/p>\n<p>canal: 1 canal<\/p>\n<p>carga m\u00e1xima: 12 V &lt; 72 W (6a), 24 V &lt; 72 w (3a)<\/p>\n<p>pacote:<\/p>\n<p>1 pcs * mini controlador 3 chaves para \u00fanica cor tira conduzida.<\/p>\n","protected":false},"excerpt":{"rendered":"<p>teclas de Fun\u00e7\u00e3o (mini 3 chaves)<\/p>\n<p>1. Chave 1. Mode:modos de controle din\u00e2mico.<\/p>\n<p>2. Chave de Luz: controle de cores est\u00e1ticas,<\/p>\n<p>3. chave de Velocidade: fun\u00e7\u00e3o de ajuste de chave, ele pode ajustar o n\u00edvel de velocidade dos modos din\u00e2micos<\/p>\n<p>e o n\u00edvel de brilho de cores est\u00e1ticas<\/p>\n<p>4. chave de Velocidade: pressione-o mais de 1 segundo, ele vai ser LIGADO\/desligado<\/p>\n","protected":false},"featured_media":13515,"template":"","meta":{"_joinchat":[]},"_links":{"self":[{"href":"https:\/\/mistersates-import.com.br\/loja\/wp-json\/wp\/v2\/product\/13514"}],"collection":[{"href":"https:\/\/mistersates-import.com.br\/loja\/wp-json\/wp\/v2\/product"}],"about":[{"href":"https:\/\/mistersates-import.com.br\/loja\/wp-json\/wp\/v2\/types\/product"}],"wp:featuredmedia":[{"embeddable":true,"href":"https:\/\/mistersates-import.com.br\/loja\/wp-json\/wp\/v2\/media\/13515"}],"wp:attachment":[{"href":"https:\/\/mistersates-import.com.br\/loja\/wp-json\/wp\/v2\/media?parent=13514"}],"curies":[{"name":"wp","href":"https:\/\/api.w.org\/{rel}","templated":true}]}}