{"id":13525,"date":"2021-06-28T17:17:16","date_gmt":"2021-06-28T20:17:16","guid":{"rendered":"https:\/\/mistersates-import.com.br\/loja\/?post_type=product&#038;p=13525"},"modified":"2024-08-08T20:14:53","modified_gmt":"2024-08-08T23:14:53","slug":"mini-rgb-bluetooth-controller-dc-5v-12v-24v-mini-music-bluetooth","status":"publish","type":"product","link":"https:\/\/mistersates-import.com.br\/loja\/product\/mini-rgb-bluetooth-controller-dc-5v-12v-24v-mini-music-bluetooth\/","title":{"rendered":"Mini RGB Bluetooth Controller DC 5V 12V 24V Mini Music Bluetooth"},"content":{"rendered":"<p>DESCRI\u00c7\u00c3O:<\/p>\n<p>Temperatura de opera\u00e7\u00e3o:-20-60 \u00b0C<br \/>\nTens\u00e3o de alimenta\u00e7\u00e3o: 4.5 V-24 V (tens\u00e3o de largura)<br \/>\nSa\u00edda: 3 Canais (RGB)<br \/>\nTamanho do produto: cerca de L43 * W22 * H11mm<br \/>\nComprimento Total: cerca de 120mm a 500 MM depende do tipo diferente<br \/>\nConsumo de energia est\u00e1tica: &lt;1 W<br \/>\nCorrente de carga m\u00e1xima &lt;6A (2A * 3 Canal)<br \/>\nSa\u00edda: 4Pin Conector<br \/>\nPot\u00eancia de sa\u00edda: 5 V &lt;30 W, 12 V &lt;72 W, 24 V &lt;144 W<\/p>\n<p>Fun\u00e7\u00f5es:<\/p>\n<p>(1) este Mini Bluetooth Controlador (DC) \u00e9 uma rede sem fio controlador smart LED usando a mais recente tecnologia Bluetooth 4.0.<br \/>\nBluetooth mobile phone APP controlador \u00e9 amplamente utilizado em hot\u00e9is, bares, KTC, fam\u00edlias, etc.<\/p>\n<p>(2) este produto \u00e9 apropriado para o sistema Android acima de 4.3 (incluindo 4.3), apple (IOS) 4S sistema acima de 6.0, etc.<\/p>\n<p>(3) este dispositivo inteligente controla diretamente o dentro e fora da luz, ajusta a cor eo brilho da luz e tamb\u00e9m ajusta v\u00e1rios belos efeitos de luz, tais como 1, gradiente colorido mudan\u00e7a, v\u00e1rios monocrom\u00e1tico, bi-cor gradiente mudan\u00e7a, todos os tipos de preto e branco, dois-cor, colorido strobe, flash colorido e assim por diante.<\/p>\n<p>Efeito de anima\u00e7\u00e3o:<\/p>\n<p>* Colorido gradiente<br \/>\n* Todos os tipos de preto e branco, cor dobro, colorido piscando<br \/>\n* Salto colorido<br \/>\n* Siga as thythm da m\u00fasica muda<\/p>\n<p>Pacote Inclui:<br \/>\n1 * Bluetooth Controlador RGB<\/p>\n","protected":false},"excerpt":{"rendered":"<p>Temperatura de opera\u00e7\u00e3o:-20-60 \u00b0C<br \/>\nTens\u00e3o de alimenta\u00e7\u00e3o: 4.5 V-24 V (tens\u00e3o de largura)<br \/>\nSa\u00edda: 3 Canais (RGB)<br \/>\nTamanho do produto: cerca de L43 * W22 * H11mm<br \/>\nComprimento Total: cerca de 120mm a 500 MM depende do tipo diferente<br \/>\nConsumo de energia est\u00e1tica: &lt;1 W<br \/>\nCorrente de carga m\u00e1xima &lt;6A (2A * 3 Canal)<br \/>\nSa\u00edda: 4Pin Conector<br \/>\nPot\u00eancia de sa\u00edda: 5 V &lt;30 W, 12 V &lt;72 W, 24 V &lt;144 W<\/p>\n","protected":false},"featured_media":16422,"template":"","meta":{"_joinchat":[]},"_links":{"self":[{"href":"https:\/\/mistersates-import.com.br\/loja\/wp-json\/wp\/v2\/product\/13525"}],"collection":[{"href":"https:\/\/mistersates-import.com.br\/loja\/wp-json\/wp\/v2\/product"}],"about":[{"href":"https:\/\/mistersates-import.com.br\/loja\/wp-json\/wp\/v2\/types\/product"}],"wp:featuredmedia":[{"embeddable":true,"href":"https:\/\/mistersates-import.com.br\/loja\/wp-json\/wp\/v2\/media\/16422"}],"wp:attachment":[{"href":"https:\/\/mistersates-import.com.br\/loja\/wp-json\/wp\/v2\/media?parent=13525"}],"curies":[{"name":"wp","href":"https:\/\/api.w.org\/{rel}","templated":true}]}}