{"id":13531,"date":"2021-06-28T17:39:39","date_gmt":"2021-06-28T20:39:39","guid":{"rendered":"https:\/\/mistersates-import.com.br\/loja\/?post_type=product&#038;p=13531"},"modified":"2026-02-13T21:35:45","modified_gmt":"2026-02-14T00:35:45","slug":"conector-rabicho-plug-p4-fita-led-femea","status":"publish","type":"product","link":"https:\/\/mistersates-import.com.br\/loja\/product\/conector-rabicho-plug-p4-fita-led-femea\/","title":{"rendered":"Conector Rabicho Plug P4 Fita Led Femea"},"content":{"rendered":"<p>Informa\u00e7\u00f5es:<\/p>\n<p>Conector P4 f\u00eamea recomendados para uso em instala\u00e7\u00e3o de c\u00e2meras de seguran\u00e7a CFTV, fontes, fita led, alarmes, som, equipamentos eletr\u00f4nicos e diversas utiliza\u00e7\u00f5es em geral.<br \/>\nF\u00e1cil instala\u00e7\u00e3o, dispensa uso de solda.<br \/>\nAcabamento profissional na sua instala\u00e7\u00e3o.<\/p>\n<p>Caracter\u00edsticas:<\/p>\n<p>&#8211; Conex\u00e3o:\u00a0 P4 f\u00eamea<br \/>\n&#8211; Fio preto: negativo<br \/>\n&#8211; Fio vermelho: positivo<br \/>\n&#8211; Tens\u00e3o nominal: 12V<br \/>\n&#8211; Material: Cobre + PVC<br \/>\n&#8211; Condutor: 22 AWG (0.3mm)<br \/>\n&#8211; Di\u00e2metro externo: 5.5mm\/0.22&#8243;<br \/>\n&#8211; Di\u00e2metro interno: 2.1mm\/0.083&#8243;<br \/>\n&#8211; Temperatura de trabalho:-40 a 70 Graus<br \/>\n&#8211; Comprimento total(F\u00eamea): 15cm<\/p>\n","protected":false},"excerpt":{"rendered":"<p>Informa\u00e7\u00f5es:<\/p>\n<p>Conector P4 f\u00eamea recomendados para uso em instala\u00e7\u00e3o de c\u00e2meras de seguran\u00e7a CFTV, fontes, fita led, alarmes, som, equipamentos eletr\u00f4nicos e diversas utiliza\u00e7\u00f5es em geral.<br \/>\nF\u00e1cil instala\u00e7\u00e3o, dispensa uso de solda.<br \/>\nAcabamento profissional na sua instala\u00e7\u00e3o.<\/p>\n","protected":false},"featured_media":13536,"template":"","meta":{"_joinchat":[]},"_links":{"self":[{"href":"https:\/\/mistersates-import.com.br\/loja\/wp-json\/wp\/v2\/product\/13531"}],"collection":[{"href":"https:\/\/mistersates-import.com.br\/loja\/wp-json\/wp\/v2\/product"}],"about":[{"href":"https:\/\/mistersates-import.com.br\/loja\/wp-json\/wp\/v2\/types\/product"}],"wp:featuredmedia":[{"embeddable":true,"href":"https:\/\/mistersates-import.com.br\/loja\/wp-json\/wp\/v2\/media\/13536"}],"wp:attachment":[{"href":"https:\/\/mistersates-import.com.br\/loja\/wp-json\/wp\/v2\/media?parent=13531"}],"curies":[{"name":"wp","href":"https:\/\/api.w.org\/{rel}","templated":true}]}}