{"id":13543,"date":"2021-06-28T18:04:43","date_gmt":"2021-06-28T21:04:43","guid":{"rendered":"https:\/\/mistersates-import.com.br\/loja\/?post_type=product&#038;p=13543"},"modified":"2025-09-29T18:59:44","modified_gmt":"2025-09-29T21:59:44","slug":"mini-controlador-dimmer-12v-03-chaves-6a-strobo-flash","status":"publish","type":"product","link":"https:\/\/mistersates-import.com.br\/loja\/product\/mini-controlador-dimmer-12v-03-chaves-6a-strobo-flash\/","title":{"rendered":"Mini  Controlador  Dimmer 12v -03 Chaves 6a-strobo  Flash"},"content":{"rendered":"<p>Marca 100% novo e de alta qualidade<\/p>\n<p>\u00c9 uma nova marca LED strip RGB controlador, o desempenho de topo de produtos similares. Voc\u00ea pode facilmente alterar o modo, a velocidade, a cor e o brilho pressionando 3 teclas ultra fino do corpo. Ele tamb\u00e9m possui um recurso de auto memorizar fun\u00e7\u00e3o e pode produzir at\u00e9 144 watts de pot\u00eancia. Ele&#8217;s o melhor companheiro para seu tiras de LED.<\/p>\n<p>Modo de conex\u00e3o: \u00c2nodo Comum(+)<\/p>\n<p>Auto-ciclo de modo din\u00e2mico<\/p>\n<p>Velocidade e brilho ajust\u00e1vel<\/p>\n<p>At\u00e9 144W de energia<\/p>\n<p>Auto memorizar fun\u00e7\u00e3o<\/p>\n<p>F\u00e1cil de operar as teclas<\/p>\n<p>Design Ultra slim<\/p>\n<p>Controle: Brilho, piscando, piscando os modos<\/p>\n<p>Tens\u00e3o de funcionamento: DC 5V, 12V, 24V<\/p>\n<p>Corrente de Sa\u00edda m\u00e1xima: 3 x 2A<\/p>\n<p>Max Pot\u00eancia de Sa\u00edda: 144W<\/p>\n<p>Temperatura de trabalho: -20\u00bf~+60\u00bf<\/p>\n<p>Tamanho(L x W x H): 35 x 15 x 4,5 mm<\/p>\n<p>Pacotes:<\/p>\n<p>1 x Mini LED, Controlador do RGB<\/p>\n","protected":false},"excerpt":{"rendered":"<p>Marca 100% novo e de alta qualidade<\/p>\n<p>\u00c9 uma nova marca LED strip RGB controlador, o desempenho de topo de produtos similares. Voc\u00ea pode facilmente alterar o modo, a velocidade, a cor e o brilho pressionando 3 teclas ultra fino do corpo. Ele tamb\u00e9m possui um recurso de auto memorizar fun\u00e7\u00e3o e pode produzir at\u00e9 144 watts de pot\u00eancia. Ele&#8217;s o melhor companheiro para seu tiras de LED.<\/p>\n","protected":false},"featured_media":13544,"template":"","meta":{"_joinchat":[]},"_links":{"self":[{"href":"https:\/\/mistersates-import.com.br\/loja\/wp-json\/wp\/v2\/product\/13543"}],"collection":[{"href":"https:\/\/mistersates-import.com.br\/loja\/wp-json\/wp\/v2\/product"}],"about":[{"href":"https:\/\/mistersates-import.com.br\/loja\/wp-json\/wp\/v2\/types\/product"}],"wp:featuredmedia":[{"embeddable":true,"href":"https:\/\/mistersates-import.com.br\/loja\/wp-json\/wp\/v2\/media\/13544"}],"wp:attachment":[{"href":"https:\/\/mistersates-import.com.br\/loja\/wp-json\/wp\/v2\/media?parent=13543"}],"curies":[{"name":"wp","href":"https:\/\/api.w.org\/{rel}","templated":true}]}}